{"id":982,"date":"2014-04-13T08:22:02","date_gmt":"2014-04-13T07:22:02","guid":{"rendered":"http:\/\/localhost\/wordpress\/?p=982"},"modified":"2015-01-18T15:38:09","modified_gmt":"2015-01-18T14:38:09","slug":"news-0","status":"publish","type":"page","link":"https:\/\/philippegoudard.net\/?page_id=982","title":{"rendered":"Conf\u00e9rences et p\u00e9dagogie"},"content":{"rendered":"<p>Sp\u00e9cialiste internationalement reconnu des arts du cirque Philippe Goudard partage aujourd\u2019hui son activit\u00e9 de transmission entre enseignement et formation, master classes et conf\u00e9rences, pour lesquelles il est sollicit\u00e9 en France et dans de nombreux pays du monde.<\/p>\n<p><a href=\"http:\/\/philippegoudard.net\/?page_id=2532\">Conf\u00e9rences<\/a><\/p>\n<p><a href=\"http:\/\/philippegoudard.net\/?page_id=222\">Enseignement universitaire<\/a><\/p>\n<p><a href=\"http:\/\/philippegoudard.net\/?page_id=2552\">Master classes et ateliers<\/a><\/p>\n","protected":false},"excerpt":{"rendered":"<p>Sp\u00e9cialiste internationalement reconnu des arts du cirque Philippe Goudard partage aujourd\u2019hui son activit\u00e9 de transmission entre enseignement et formation, master classes et conf\u00e9rences, pour lesquelles il est sollicit\u00e9 en France et dans de nombreux pays du monde. Conf\u00e9rences Enseignement universitaire &hellip; <a href=\"https:\/\/philippegoudard.net\/?page_id=982\">Continuer la lecture <span class=\"meta-nav\">&rarr;<\/span><\/a><\/p>\n","protected":false},"author":2,"featured_media":0,"parent":0,"menu_order":1,"comment_status":"closed","ping_status":"open","template":"","meta":{"footnotes":""},"class_list":["post-982","page","type-page","status-publish","hentry"],"_links":{"self":[{"href":"https:\/\/philippegoudard.net\/index.php?rest_route=\/wp\/v2\/pages\/982","targetHints":{"allow":["GET"]}}],"collection":[{"href":"https:\/\/philippegoudard.net\/index.php?rest_route=\/wp\/v2\/pages"}],"about":[{"href":"https:\/\/philippegoudard.net\/index.php?rest_route=\/wp\/v2\/types\/page"}],"author":[{"embeddable":true,"href":"https:\/\/philippegoudard.net\/index.php?rest_route=\/wp\/v2\/users\/2"}],"replies":[{"embeddable":true,"href":"https:\/\/philippegoudard.net\/index.php?rest_route=%2Fwp%2Fv2%2Fcomments&post=982"}],"version-history":[{"count":15,"href":"https:\/\/philippegoudard.net\/index.php?rest_route=\/wp\/v2\/pages\/982\/revisions"}],"predecessor-version":[{"id":2722,"href":"https:\/\/philippegoudard.net\/index.php?rest_route=\/wp\/v2\/pages\/982\/revisions\/2722"}],"wp:attachment":[{"href":"https:\/\/philippegoudard.net\/index.php?rest_route=%2Fwp%2Fv2%2Fmedia&parent=982"}],"curies":[{"name":"wp","href":"https:\/\/api.w.org\/{rel}","templated":true}]}}