{"id":82,"date":"2013-08-31T07:16:32","date_gmt":"2013-08-31T06:16:32","guid":{"rendered":"http:\/\/localhost\/wordpress\/?p=82"},"modified":"2022-12-06T15:38:29","modified_gmt":"2022-12-06T14:38:29","slug":"publications-travaux-et-actes","status":"publish","type":"page","link":"https:\/\/philippegoudard.net\/?page_id=82","title":{"rendered":"Recherche"},"content":{"rendered":"<p style=\"margin: .1pt 0cm .1pt 0cm;\">Parall\u00e8lement \u00e0 ses recherches artistiques, Philippe Goudard conduit des recherches acad\u00e9miques. Il est docteur en m\u00e9decine, dipl\u00f4m\u00e9 de m\u00e9decine d\u2019urgence et docteur en arts du spectacle, sp\u00e9cialiste du cirque.<br \/>\nProfesseur \u00e9m\u00e9rite des universit\u00e9s en arts du spectacle \u00e0 l\u2019 Universit\u00e9 Paul Val\u00e9ry Montpellier 3\u00a0(France) depuis 2021, il a enseign\u00e9 au sein du D\u00e9partement Cin\u00e9ma \u2013 Th\u00e9\u00e2tre, fili\u00e8re Th\u00e9\u00e2tre et Spectacle vivant.<br \/>\nComme chercheur, il a \u00e9t\u00e9 directeur adjoint du Groupe de recherche RIRRA 21, \u00c9quipe d\u2019Accueil 4209 et a fond\u00e9 et dirig\u00e9 les programmes de recherche \u00ab\u00a0Cirque : histoires, imaginaires, pratiques\u00a0\u00bb, puis \u00ab\u00a0Circus Arts&amp;Sciences\u00a0\u00bb, la collection \u00ab\u00a0Cirque\u00a0\u00bb aux Presses Universitaires de la M\u00e9diterran\u00e9e et co-dirige la revue \u00ab\u00a0Circus Sciences\u00a0\u00bb et le \u00ab\u00a0Fonds Cirque\u00a0\u00bb de l&rsquo;Universit\u00e9 Paul Val\u00e9ry Montpellier 3.<\/p>\n<hr \/>\n<p style=\"margin: .1pt 0cm .1pt 0cm;\"><a href=\"http:\/\/philippegoudard.net\/?page_id=2472\">Publications<\/a><\/p>\n<p>&nbsp;<\/p>\n<p><!-- \/rk_czxV1dv1UTfErdQy24 --><\/p>\n","protected":false},"excerpt":{"rendered":"<p>Parall\u00e8lement \u00e0 ses recherches artistiques, Philippe Goudard conduit des recherches acad\u00e9miques. Il est docteur en m\u00e9decine, dipl\u00f4m\u00e9 de m\u00e9decine d\u2019urgence et docteur en arts du spectacle, sp\u00e9cialiste du cirque. Professeur \u00e9m\u00e9rite des universit\u00e9s en arts du spectacle \u00e0 l\u2019 Universit\u00e9 &hellip; <a href=\"https:\/\/philippegoudard.net\/?page_id=82\">Continuer la lecture <span class=\"meta-nav\">&rarr;<\/span><\/a><\/p>\n","protected":false},"author":2,"featured_media":0,"parent":0,"menu_order":4,"comment_status":"closed","ping_status":"open","template":"","meta":{"footnotes":""},"class_list":["post-82","page","type-page","status-publish","hentry"],"_links":{"self":[{"href":"https:\/\/philippegoudard.net\/index.php?rest_route=\/wp\/v2\/pages\/82","targetHints":{"allow":["GET"]}}],"collection":[{"href":"https:\/\/philippegoudard.net\/index.php?rest_route=\/wp\/v2\/pages"}],"about":[{"href":"https:\/\/philippegoudard.net\/index.php?rest_route=\/wp\/v2\/types\/page"}],"author":[{"embeddable":true,"href":"https:\/\/philippegoudard.net\/index.php?rest_route=\/wp\/v2\/users\/2"}],"replies":[{"embeddable":true,"href":"https:\/\/philippegoudard.net\/index.php?rest_route=%2Fwp%2Fv2%2Fcomments&post=82"}],"version-history":[{"count":27,"href":"https:\/\/philippegoudard.net\/index.php?rest_route=\/wp\/v2\/pages\/82\/revisions"}],"predecessor-version":[{"id":3996,"href":"https:\/\/philippegoudard.net\/index.php?rest_route=\/wp\/v2\/pages\/82\/revisions\/3996"}],"wp:attachment":[{"href":"https:\/\/philippegoudard.net\/index.php?rest_route=%2Fwp%2Fv2%2Fmedia&parent=82"}],"curies":[{"name":"wp","href":"https:\/\/api.w.org\/{rel}","templated":true}]}}