{"id":3920,"date":"2021-01-29T21:52:30","date_gmt":"2021-01-29T20:52:30","guid":{"rendered":"http:\/\/philippegoudard.net\/?page_id=3920"},"modified":"2022-05-18T13:47:37","modified_gmt":"2022-05-18T12:47:37","slug":"faire-rire-si-possible-2","status":"publish","type":"page","link":"https:\/\/philippegoudard.net\/?page_id=3920","title":{"rendered":"Faire rire (Si possible)"},"content":{"rendered":"<p><strong>Make them laugh (May be)<\/strong><\/p>\n<p>Ecriture, jeu et mise en sc\u00e8ne : Philippe Goudard<br \/>\nEn complicit\u00e9 avec Sandy Sun<br \/>\nCr\u00e9ation: ao\u00fbt 2020<br \/>\nau Festival des Antipodes \u00e0 Bataville (Fabrique autonome des acteurs)<br \/>\nDur\u00e9e : 60 mn environ<br \/>\nTexte fran\u00e7ais ( version anglaise disponible)<\/p>\n<p>Note d\u2019intention\u00a0:<br \/>\n<em>On peut sinc\u00e8rement se demander si s\u2019int\u00e9resser s\u00e9rieusement\u00a0au rire\u00a0est s\u00e9rieux, encore que les comiques, tout experts en humour ou artisans du rire soient-ils, ne sont pas pour autant des rigolos, et recourent eux-m\u00eames \u00e0 une m\u00e9thodologie rigoureuse appuy\u00e9e sur des connaissances approfondies de l\u2019histoire et des pratiques de leur art. C\u2019est donc avec l\u2019humilit\u00e9 de rigueur devant l\u2019ampleur de la t\u00e2che et ayant \u00e0 l\u2019esprit que,\u00a0comme l\u2019a \u00e9crit Pierre\u00a0Dac,\u00a0\u00ab Parler pour ne rien dire et ne rien dire pour parler sont les deux principes majeurs et rigoureux de tous ceux qui feraient mieux de la fermer avant de l\u2019ouvrir\u00bb que nous aborderons cette r\u00e9flexion sur le rire\u00a0en\u00a0l\u2019illustrant de quelques exemples pratiques et en esp\u00e9rant \u00eatre le moins obscure\u00a0possible.\u00a0Du moins ose-t-on le croire, m\u00eame avertis par\u00a0Peter de Vries\u00a0: \u00ab\u00a0Tout le monde a besoin de croire en quelque chose. Moi, je crois que je vais reprendre une bi\u00e8re.\u00a0\u00bb<\/em><\/p>\n<p><a href=\"http:\/\/philippegoudard.net\/wp-content\/uploads\/2021\/01\/Capture-d\u2019e\u0301cran-2020-03-18-a\u0300-17.44.52.png\"><img loading=\"lazy\" decoding=\"async\" class=\"  wp-image-3925 aligncenter\" src=\"http:\/\/philippegoudard.net\/wp-content\/uploads\/2021\/01\/Capture-d\u2019e\u0301cran-2020-03-18-a\u0300-17.44.52-300x168.png\" alt=\"Capture d\u2019e\u0301cran 2020-03-18 a\u0300 17.44.52\" width=\"423\" height=\"237\" srcset=\"https:\/\/philippegoudard.net\/wp-content\/uploads\/2021\/01\/Capture-d\u2019e\u0301cran-2020-03-18-a\u0300-17.44.52-300x168.png 300w, https:\/\/philippegoudard.net\/wp-content\/uploads\/2021\/01\/Capture-d\u2019e\u0301cran-2020-03-18-a\u0300-17.44.52-1024x573.png 1024w, https:\/\/philippegoudard.net\/wp-content\/uploads\/2021\/01\/Capture-d\u2019e\u0301cran-2020-03-18-a\u0300-17.44.52.png 1037w\" sizes=\"auto, (max-width: 423px) 100vw, 423px\" \/><\/a>L\u2019id\u00e9e de \u00ab\u00a0Faire rire si possible\u00a0\u00bb est n\u00e9e d\u2019une communication de 30 minutes, invit\u00e9e au colloque \u00ab\u00a0Etre en sc\u00e8ne, \u00eatre en jeu\u00a0\u00bb organis\u00e9 par Laurent Berger pour le programme th\u00e9\u00e2tre de l\u2019universit\u00e9 Paul Val\u00e9ry Montpellier 3, et donn\u00e9e sous forme de conf\u00e9rence perform\u00e9e en Avril 2019 par Philippe Goudard.<br \/>\nIl y avait m\u00eal\u00e9 des textes th\u00e9oriques sur le rire et les clowns \u00e0 des improvisations clownesques et des extraits de son r\u00e9pertoire.<br \/>\nLe succ\u00e8s rencontr\u00e9 aupr\u00e8s des 200 personnes et des quelques responsables de programmation pr\u00e9sentes \u00e0 fait na\u00eetre le d\u00e9sir de cr\u00e9er un spectacle sur cette base.<br \/>\nL\u2019essai a \u00e9t\u00e9 confirm\u00e9 lors d\u2019une conf\u00e9rence, annonc\u00e9e comme telle, mais qui \u00e9tait en fait un spectacle clownesque, invit\u00e9e par la commune de Cendras ( Gard) lors du Salon du livre organis\u00e9 par cette ville sur le th\u00e8me du cirque le 16 novembre 2019\u00a0: public de 60 personnes de 8 \u00e0 80 ans, logistique autonome, lumi\u00e8re de salle\u2026 et grand succ\u00e8s aupr\u00e8s de ces spectateurs non pr\u00e9par\u00e9s, et non avertis du contenu clownesque\u00a0!<br \/>\nPuis une r\u00e9sidence de cr\u00e9ation et une premi\u00e8re ont \u00e9t\u00e9 propos\u00e9e par Daria Lippi \u00e0 la Fabrique autonome de l\u2019acteur \u00e0 Bataville \u2026. et le spectacle est n\u00e9!<\/p>\n<p>Dates :<br \/>\n\u2013 10 et 11 septembre 2022 : Festival des antipodes\u00a0 \/ Fabrique autonome de l\u2019acteur\/ Bataville (57)<br \/>\n\u2013 3 et 6 mars 2022 : Th\u00e9\u00e2tre \u00e7a respire encore \/ Nancy (54)<br \/>\n\u2013 2021 : SRASCov2 World Tour<br \/>\n\u2013 30 ao\u00fbt 2020 : Festival des antipodes\u00a0 \/ Fabrique autonome de l\u2019acteur\/ Bataville (57)<br \/>\n\u2013 23 et 30 novembre 2019 : Gare aux clowns \/ Cie Dor\u00e9 \/ Montpellier (34)<br \/>\n\u2013 16 novembre 2019 : Festival du livre\/ Cendras (30)<br \/>\n\u2013 21 mars 2019 :Universit\u00e9 Paul Val\u00e9ry\/ Montpellier (34)<\/p>\n","protected":false},"excerpt":{"rendered":"<p>Make them laugh (May be) Ecriture, jeu et mise en sc\u00e8ne : Philippe Goudard En complicit\u00e9 avec Sandy Sun Cr\u00e9ation: ao\u00fbt 2020 au Festival des Antipodes \u00e0 Bataville (Fabrique autonome des acteurs) Dur\u00e9e : 60 mn environ Texte fran\u00e7ais ( &hellip; <a href=\"https:\/\/philippegoudard.net\/?page_id=3920\">Continuer la lecture <span class=\"meta-nav\">&rarr;<\/span><\/a><\/p>\n","protected":false},"author":2,"featured_media":0,"parent":0,"menu_order":0,"comment_status":"closed","ping_status":"closed","template":"","meta":{"footnotes":""},"class_list":["post-3920","page","type-page","status-publish","hentry"],"_links":{"self":[{"href":"https:\/\/philippegoudard.net\/index.php?rest_route=\/wp\/v2\/pages\/3920","targetHints":{"allow":["GET"]}}],"collection":[{"href":"https:\/\/philippegoudard.net\/index.php?rest_route=\/wp\/v2\/pages"}],"about":[{"href":"https:\/\/philippegoudard.net\/index.php?rest_route=\/wp\/v2\/types\/page"}],"author":[{"embeddable":true,"href":"https:\/\/philippegoudard.net\/index.php?rest_route=\/wp\/v2\/users\/2"}],"replies":[{"embeddable":true,"href":"https:\/\/philippegoudard.net\/index.php?rest_route=%2Fwp%2Fv2%2Fcomments&post=3920"}],"version-history":[{"count":7,"href":"https:\/\/philippegoudard.net\/index.php?rest_route=\/wp\/v2\/pages\/3920\/revisions"}],"predecessor-version":[{"id":3978,"href":"https:\/\/philippegoudard.net\/index.php?rest_route=\/wp\/v2\/pages\/3920\/revisions\/3978"}],"wp:attachment":[{"href":"https:\/\/philippegoudard.net\/index.php?rest_route=%2Fwp%2Fv2%2Fmedia&parent=3920"}],"curies":[{"name":"wp","href":"https:\/\/api.w.org\/{rel}","templated":true}]}}