{"id":3709,"date":"2017-06-05T12:37:46","date_gmt":"2017-06-05T11:37:46","guid":{"rendered":"http:\/\/philippegoudard.net\/?page_id=3709"},"modified":"2021-01-29T22:26:53","modified_gmt":"2021-01-29T21:26:53","slug":"clowneries-2","status":"publish","type":"page","link":"https:\/\/philippegoudard.net\/?page_id=3709","title":{"rendered":"Genre de clowns"},"content":{"rendered":"<p><a href=\"http:\/\/philippegoudard.net\/wp-content\/uploads\/2017\/06\/Affiches03.jpg\"><img loading=\"lazy\" decoding=\"async\" class=\"  wp-image-3854 alignright\" src=\"http:\/\/philippegoudard.net\/wp-content\/uploads\/2017\/06\/Affiches03-200x300.jpg\" alt=\"Affiches03\" width=\"252\" height=\"379\" srcset=\"https:\/\/philippegoudard.net\/wp-content\/uploads\/2017\/06\/Affiches03-200x300.jpg 200w, https:\/\/philippegoudard.net\/wp-content\/uploads\/2017\/06\/Affiches03-683x1024.jpg 683w, https:\/\/philippegoudard.net\/wp-content\/uploads\/2017\/06\/Affiches03.jpg 1134w\" sizes=\"auto, (max-width: 252px) 100vw, 252px\" \/><\/a><\/p>\n<p style=\"text-align: left;\"><span class=\"transpan\"><span id=\"tran0\">Creation januar 2018 and on tour<br \/>\n<\/span><\/span><\/p>\n<p style=\"text-align: left;\"><span class=\"transpan\"><span id=\"tran0\">Visual show \/ Spectacle without text<\/span><span id=\"tran0\"><\/span><\/span><\/p>\n<p style=\"text-align: left;\"><a href=\"https:\/\/youtu.be\/wqBINfyo59c\">Teaser<\/a><\/p>\n<p style=\"text-align: left;\"><a href=\"http:\/\/philippegoudard.net\/wp-content\/uploads\/2017\/06\/Genre-de-clowns_dossier_FT2018-compressed.pdf\">Pr\u00e9sentation \/ Fiche technique<\/a><a href=\"http:\/\/philippegoudard.net\/wp-content\/uploads\/2017\/06\/20161205_152230-copie-e1496662945516.jpg\"><br \/>\n<\/a><span class=\"transpan\"><a href=\"http:\/\/philippegoudard.net\/wp-content\/uploads\/2017\/06\/20161205_152230-copie-e1496662945516.jpg\"><span id=\"tran0\">\u00a0<\/span><\/a><\/span><span class=\"transpan\"><span id=\"tran0\">( Sorties de chantier januar 2017 \u00ab\u00a0Clowneries #2\u00a0\u00bb)<\/span><\/span><\/p>\n<p><span class=\"transpan\">\u00a0De et par Didier Chaix et Philippe Goudard<br \/>\n<span id=\"tran5\">Distribution and production: Aries and Scorpio<\/span><\/span><\/p>\n<p>Avec l&rsquo;aimable accueil en r\u00e9sidence de cr\u00e9ation de l&rsquo;Ecole de Cirque Zepetra \u00e0 Castelnau Le Lez<\/p>\n<div class=\"page\" title=\"Page 2\">\n<div class=\"layoutArea\">\n<div class=\"column\">\n<p><em>&#8211;Goudard et Chaix paraissent largu\u00e9s, dans un \u00e9tat d&rsquo;\u00e9bahissement. Un projet qui ne veut pas correspondre \u00e0 une mode. Qui travaille \u00e0 plateau nu, avec la seule \u00e9nergie du jeu. Deux clowns en libert\u00e9.<\/em><\/p>\n<p>&#8212;<em>Goudard and Chaix seem to be lost, in a state of permanent surprise. A project which does not want to correspond to any fashion. Which works on a bare stage, driven solely by the energy of the performance.Two free clowns .<\/em><br \/>\nG.A.Laffont. &#8211; La Gazette 2018<\/p>\n<p><em>&#8211;Po\u00e9tique et d\u00e9risoire<\/em><br \/>\n<em> &#8211;Poetic and derisory<\/em><br \/>\nG. Espinosa 2018<\/p>\n<p><em>\u00ab Ils sont deux. Ils s\u2019activent. A quel sujet? Re\u0301ussiront-ils? \u00bb<\/em><\/p>\n<div class=\"page\" title=\"Page 2\">\n<div class=\"layoutArea\">\n<div class=\"column\">\n<p>Un spectacle (presque) sans texte, accessible \u00e0 tous public,<br \/>\n\u00e0 la logistique hyper l\u00e9g\u00e8re.<\/p>\n<div class=\"page\" title=\"Page 2\">\n<div class=\"column\">\n<h6>Alter et Go travaillent. Ils pre\u0301parent quelque chose. Sans cesse interrompus dans ces pre\u0301paratifs par leur maladresse, ils avancent malgre\u0301 tout dans leur que\u0302te. Que pre\u0301parent-ils ? Un spectacle? Une confe\u0301rence? On devine peu a\u0300 peu que leur re\u0302ve est ailleurs, leur de\u0301sir de de\u0301part les obse\u0300dent. Partir loin&#8230;Inventer autre chose, de\u0301couvrir ce qu\u2019il y a derrie\u0300re la ligne d\u2019horizon, partager leurs clowneries avec des inconnus&#8230;<br \/>\nFraterniser !<\/h6>\n<h6><em>\u00ab Nous avons voulu revenir a\u0300 l\u2019atelier, improviser, pratiquer pour le plaisir, explorer notre imaginaire d\u2019acteur pour retrouver, sans contraintes, l\u2019essentiel : la joie merveilleuse du jeu \u00bb.<\/em><br \/>\nDidier Chaix et Philippe Goudard<\/h6>\n<\/div>\n<div class=\"layoutArea\">\n<div class=\"column\">\n<h5>CONCACTS : did.chaix@orange.fr et phgoudard@wanadoo.fr<\/h5>\n<p><span class=\"transpan\"><a href=\"http:\/\/philippegoudard.net\/wp-content\/uploads\/2017\/06\/20161205_152230-copie-e1496662945516.jpg\"><img loading=\"lazy\" decoding=\"async\" class=\" size-medium wp-image-3714 alignright\" src=\"http:\/\/philippegoudard.net\/wp-content\/uploads\/2017\/06\/20161205_152230-copie-e1496662945516-180x300.jpg\" alt=\"20161205_152230 - copie\" width=\"180\" height=\"300\" srcset=\"https:\/\/philippegoudard.net\/wp-content\/uploads\/2017\/06\/20161205_152230-copie-e1496662945516-180x300.jpg 180w, https:\/\/philippegoudard.net\/wp-content\/uploads\/2017\/06\/20161205_152230-copie-e1496662945516-614x1024.jpg 614w, https:\/\/philippegoudard.net\/wp-content\/uploads\/2017\/06\/20161205_152230-copie-e1496662945516.jpg 1536w\" sizes=\"auto, (max-width: 180px) 100vw, 180px\" \/><\/a><\/span><\/p>\n<\/div>\n<\/div>\n<\/div>\n<\/div>\n<\/div>\n<\/div>\n<\/div>\n<\/div>\n<\/div>\n<p>Dates :<\/p>\n<p style=\"text-align: justify;\">&#8211; 28 f\u00e9vrier, 23 et 29 mars 2019 : Th\u00e9\u00e2tre Jean-Vilar tourn\u00e9e d\u00e9centralis\u00e9e \/ Montpellier (34)<br \/>\n&#8211; 3 f\u00e9vrier 2019 : Th\u00e9\u00e2tre Jacques C\u0153ur \/ Lattes (34)<br \/>\n&#8211; 5 au 16 juillet 2018 :Th\u00e9\u00e2tre l&rsquo;Adresse \/ Avignon off \/ 12h40<br \/>\n&#8211; 28 janvier 2018 : Ecole de cirque Z\u00e9p\u00e9tra (34) &#8211; Cr\u00e9ation<br \/>\n&#8211; 29 janvier 2017 : Ecole de cirque Z\u00e9p\u00e9tra (34) &#8211; Sortie de r\u00e9sidence<br \/>\n&#8211; 28 janvier 2017 : Cirque dans l&rsquo;Aude (11) &#8211; Sortie de r\u00e9sidence<\/p>\n<div class=\"page\" title=\"Page 2\"><\/div>\n","protected":false},"excerpt":{"rendered":"<p>Creation januar 2018 and on tour Visual show \/ Spectacle without text Teaser Pr\u00e9sentation \/ Fiche technique \u00a0( Sorties de chantier januar 2017 \u00ab\u00a0Clowneries #2\u00a0\u00bb) \u00a0De et par Didier Chaix et Philippe Goudard Distribution and production: Aries and Scorpio Avec &hellip; <a href=\"https:\/\/philippegoudard.net\/?page_id=3709\">Continuer la lecture <span class=\"meta-nav\">&rarr;<\/span><\/a><\/p>\n","protected":false},"author":2,"featured_media":0,"parent":0,"menu_order":0,"comment_status":"closed","ping_status":"closed","template":"","meta":{"footnotes":""},"class_list":["post-3709","page","type-page","status-publish","hentry"],"_links":{"self":[{"href":"https:\/\/philippegoudard.net\/index.php?rest_route=\/wp\/v2\/pages\/3709","targetHints":{"allow":["GET"]}}],"collection":[{"href":"https:\/\/philippegoudard.net\/index.php?rest_route=\/wp\/v2\/pages"}],"about":[{"href":"https:\/\/philippegoudard.net\/index.php?rest_route=\/wp\/v2\/types\/page"}],"author":[{"embeddable":true,"href":"https:\/\/philippegoudard.net\/index.php?rest_route=\/wp\/v2\/users\/2"}],"replies":[{"embeddable":true,"href":"https:\/\/philippegoudard.net\/index.php?rest_route=%2Fwp%2Fv2%2Fcomments&post=3709"}],"version-history":[{"count":32,"href":"https:\/\/philippegoudard.net\/index.php?rest_route=\/wp\/v2\/pages\/3709\/revisions"}],"predecessor-version":[{"id":3933,"href":"https:\/\/philippegoudard.net\/index.php?rest_route=\/wp\/v2\/pages\/3709\/revisions\/3933"}],"wp:attachment":[{"href":"https:\/\/philippegoudard.net\/index.php?rest_route=%2Fwp%2Fv2%2Fmedia&parent=3709"}],"curies":[{"name":"wp","href":"https:\/\/api.w.org\/{rel}","templated":true}]}}