{"id":3490,"date":"2015-03-29T16:15:06","date_gmt":"2015-03-29T15:15:06","guid":{"rendered":"http:\/\/philippegoudard.net\/?page_id=3490"},"modified":"2015-03-29T16:52:07","modified_gmt":"2015-03-29T15:52:07","slug":"transversal-vagabond","status":"publish","type":"page","link":"https:\/\/philippegoudard.net\/?page_id=3490","title":{"rendered":"Transversal Vagabond"},"content":{"rendered":"<p>(cr\u00e9ation janvier 2006 \/ disponible)<br \/>\nde Philippe Goudard, Alexandra Ancel,\u00a0 Franco Marri, Tony Bruneau, Juan Fernando Caceres, Jo Vitali, (2007) d\u2019apr\u00e8s \u00ab\u00a0le Cirque Nu\u00a0\u00bb et \u00ab\u00a0Combat\u00a0\u00bb de Maripaule B. et Philippe Goudard,\u00a0 65 m, sans texte<br \/>\nDiffusion et production : Aries et Scorpio<\/p>\n<p><a href=\"http:\/\/philippegoudard.net\/wp-content\/uploads\/2015\/03\/TV-pre\u0301sentation-du-concept.pdf\">Pr\u00e9sentation du concept<\/a>\u00a0 (texte de sortie de r\u00e9sidence \u2013 La Chartreuse_ Villeneuve-lez-Avignon- 2005)<\/p>\n<p><a href=\"http:\/\/www.rueetcirque.fr\/app\/photopro.sk\/hlm\/detail?docid=211966&amp;rsid=687854&amp;pos=2&amp;psort=realdate:D&amp;pitemsperpage=20&amp;ppage=1&amp;pbase=*&amp;target=doclist\">Vid\u00e9o<\/a> (25mn \u2013 Documentaire sur le processus de cr\u00e9ation \u2013 2006 )<\/p>\n<p><a href=\"http:\/\/www.rueetcirque.fr\/app\/photopro.sk\/hlm\/detail?docid=211967&amp;rsid=687854&amp;pos=1&amp;psort=realdate:D&amp;pitemsperpage=20&amp;ppage=1&amp;pbase=*&amp;target=doclist\">Vid\u00e9o <\/a>(12 mn \u2013 Cr\u00e9ation \u00e0 Taipei Taiwan \u2013 2006)<br \/>\nCe spectacle de \u00ab\u00a0Cirque Chic et pas Cher\u00a0\u00bb est recr\u00e9\u00e9 \u00e0 chaque accueil. Notre \u00e9quipe artistique de cr\u00e9ation se d\u00e9place \u00e0 votre rencontre pour le recr\u00e9er avec vous, artistes et partenaires, apr\u00e8s l\u2019avoir adapt\u00e9 en commun en amont.<br \/>\nVersion pr\u00e9c\u00e9dentes\u00a0:<br \/>\n\u00ab\u00a0Figures\u00a0\u00bb au Centre National des Arts du Cirque, France, 2006\u00a0;<br \/>\n\u00ab\u00a0Transversal \u00bb avec le National college of performing arts, Taiwan, 2007\u00a0;<br \/>\n\u00ab\u00a0Un cirque la nuit\u00a0\u00bb \u00e0 l\u2019Artchipel sc\u00e8ne Nationale de Guadeloupe, 2007.<br \/>\nProduction Artistes Associ\u00e9s pour la Recherche et l\u2019innovation au Cirque \/ Aries et Scoprio \/ College of performing Arts \u2013 Taiwan \/\u00a0 avec le soutien de l\u2019Artchipel \u2013 Sc\u00e8ne Nationale de Guadeloupe \/ Th\u00e9\u00e2tre d\u2019\u00d4 \u2013 D\u00e9partement de l\u2019H\u00e9rault \/ Culturesfrance<\/p>\n","protected":false},"excerpt":{"rendered":"<p>(cr\u00e9ation janvier 2006 \/ disponible) de Philippe Goudard, Alexandra Ancel,\u00a0 Franco Marri, Tony Bruneau, Juan Fernando Caceres, Jo Vitali, (2007) d\u2019apr\u00e8s \u00ab\u00a0le Cirque Nu\u00a0\u00bb et \u00ab\u00a0Combat\u00a0\u00bb de Maripaule B. et Philippe Goudard,\u00a0 65 m, sans texte Diffusion et production : &hellip; <a href=\"https:\/\/philippegoudard.net\/?page_id=3490\">Continuer la lecture <span class=\"meta-nav\">&rarr;<\/span><\/a><\/p>\n","protected":false},"author":2,"featured_media":0,"parent":0,"menu_order":0,"comment_status":"closed","ping_status":"closed","template":"","meta":{"footnotes":""},"class_list":["post-3490","page","type-page","status-publish","hentry"],"_links":{"self":[{"href":"https:\/\/philippegoudard.net\/index.php?rest_route=\/wp\/v2\/pages\/3490","targetHints":{"allow":["GET"]}}],"collection":[{"href":"https:\/\/philippegoudard.net\/index.php?rest_route=\/wp\/v2\/pages"}],"about":[{"href":"https:\/\/philippegoudard.net\/index.php?rest_route=\/wp\/v2\/types\/page"}],"author":[{"embeddable":true,"href":"https:\/\/philippegoudard.net\/index.php?rest_route=\/wp\/v2\/users\/2"}],"replies":[{"embeddable":true,"href":"https:\/\/philippegoudard.net\/index.php?rest_route=%2Fwp%2Fv2%2Fcomments&post=3490"}],"version-history":[{"count":8,"href":"https:\/\/philippegoudard.net\/index.php?rest_route=\/wp\/v2\/pages\/3490\/revisions"}],"predecessor-version":[{"id":3492,"href":"https:\/\/philippegoudard.net\/index.php?rest_route=\/wp\/v2\/pages\/3490\/revisions\/3492"}],"wp:attachment":[{"href":"https:\/\/philippegoudard.net\/index.php?rest_route=%2Fwp%2Fv2%2Fmedia&parent=3490"}],"curies":[{"name":"wp","href":"https:\/\/api.w.org\/{rel}","templated":true}]}}