{"id":32,"date":"2008-09-28T14:28:36","date_gmt":"2008-09-28T13:28:36","guid":{"rendered":"http:\/\/localhost\/wordpress\/?p=32"},"modified":"2022-05-18T13:46:18","modified_gmt":"2022-05-18T12:46:18","slug":"introspectaclescreations","status":"publish","type":"page","link":"https:\/\/philippegoudard.net\/?page_id=32","title":{"rendered":"Spectacles"},"content":{"rendered":"<p><span style=\"color: #000000;\">Auteur, acteur, clown, cr\u00e9ateur de cirque, producteur, metteur en sc\u00e8ne, Philippe Goudard a compos\u00e9, interpr\u00e9t\u00e9 et \/ou produit une soixantaine de spectacles \u00e0 ce jour, diffus\u00e9s dans une trentaine de pays<\/span><\/p>\n<p><a href=\"http:\/\/philippegoudard.net\/?page_id=1452\"><span style=\"color: #0000ff;\">R\u00e9pertoire complet <\/span><\/a><\/p>\n<p><a href=\"http:\/\/philippegoudard.net\/?page_id=3917\">Faire rire (si possible) cr\u00e9ation 2020<\/a><\/p>\n<p><a href=\"http:\/\/philippegoudard.net\/?page_id=3709\">Genre de clown (cr\u00e9ation 2018)<\/a><\/p>\n<p><a href=\"http:\/\/philippegoudard.net\/?page_id=1432\">Du c\u00f4t\u00e9 de la vie (cr\u00e9ation 2015)<\/a><\/p>\n<p><a href=\"http:\/\/philippegoudard.net\/?page_id=2937\">Anatomie d&rsquo;un clown (version 2014)<\/a><\/p>\n<p><a href=\"http:\/\/philippegoudard.net\/?page_id=3490\">Transversal Vagabond (Cr\u00e9ation 2006)<\/a><\/p>\n<p>&nbsp;<\/p>\n<p>&nbsp;<\/p>\n","protected":false},"excerpt":{"rendered":"<p>Auteur, acteur, clown, cr\u00e9ateur de cirque, producteur, metteur en sc\u00e8ne, Philippe Goudard a compos\u00e9, interpr\u00e9t\u00e9 et \/ou produit une soixantaine de spectacles \u00e0 ce jour, diffus\u00e9s dans une trentaine de pays R\u00e9pertoire complet Faire rire (si possible) cr\u00e9ation 2020 Genre &hellip; <a href=\"https:\/\/philippegoudard.net\/?page_id=32\">Continuer la lecture <span class=\"meta-nav\">&rarr;<\/span><\/a><\/p>\n","protected":false},"author":2,"featured_media":0,"parent":0,"menu_order":1,"comment_status":"closed","ping_status":"open","template":"","meta":{"footnotes":""},"class_list":["post-32","page","type-page","status-publish","hentry"],"_links":{"self":[{"href":"https:\/\/philippegoudard.net\/index.php?rest_route=\/wp\/v2\/pages\/32","targetHints":{"allow":["GET"]}}],"collection":[{"href":"https:\/\/philippegoudard.net\/index.php?rest_route=\/wp\/v2\/pages"}],"about":[{"href":"https:\/\/philippegoudard.net\/index.php?rest_route=\/wp\/v2\/types\/page"}],"author":[{"embeddable":true,"href":"https:\/\/philippegoudard.net\/index.php?rest_route=\/wp\/v2\/users\/2"}],"replies":[{"embeddable":true,"href":"https:\/\/philippegoudard.net\/index.php?rest_route=%2Fwp%2Fv2%2Fcomments&post=32"}],"version-history":[{"count":17,"href":"https:\/\/philippegoudard.net\/index.php?rest_route=\/wp\/v2\/pages\/32\/revisions"}],"predecessor-version":[{"id":3977,"href":"https:\/\/philippegoudard.net\/index.php?rest_route=\/wp\/v2\/pages\/32\/revisions\/3977"}],"wp:attachment":[{"href":"https:\/\/philippegoudard.net\/index.php?rest_route=%2Fwp%2Fv2%2Fmedia&parent=32"}],"curies":[{"name":"wp","href":"https:\/\/api.w.org\/{rel}","templated":true}]}}