{"id":3167,"date":"2015-01-29T17:25:42","date_gmt":"2015-01-29T16:25:42","guid":{"rendered":"http:\/\/philippegoudard.net\/?page_id=3167"},"modified":"2015-06-21T20:02:38","modified_gmt":"2015-06-21T19:02:38","slug":"anatomie-dun-clown-english","status":"publish","type":"page","link":"https:\/\/philippegoudard.net\/?page_id=3167","title":{"rendered":"Anatomie d&rsquo;un clown"},"content":{"rendered":"<h5><a href=\"http:\/\/philippegoudard.net\/wp-content\/uploads\/2014\/05\/Anatomie-.jpg\"><img loading=\"lazy\" decoding=\"async\" class=\" wp-image-2919 alignright\" src=\"http:\/\/philippegoudard.net\/wp-content\/uploads\/2014\/05\/Anatomie--212x300.jpg\" alt=\"Anatomie\" width=\"200\" height=\"283\" srcset=\"https:\/\/philippegoudard.net\/wp-content\/uploads\/2014\/05\/Anatomie--212x300.jpg 212w, https:\/\/philippegoudard.net\/wp-content\/uploads\/2014\/05\/Anatomie--724x1024.jpg 724w, https:\/\/philippegoudard.net\/wp-content\/uploads\/2014\/05\/Anatomie-.jpg 1241w\" sizes=\"auto, (max-width: 200px) 100vw, 200px\" \/><\/a><\/h5>\n<p>(2014 version \/ available)<br \/>\nby Philippe Goudard, Marion Aubert, and guests<\/p>\n<p>performed by Philippe Goudard<\/p>\n<p><a href=\"http:\/\/philippegoudard.net\/wp-content\/uploads\/2015\/01\/adc_dossier_adc1.compressed.pdf\">File of distribution<\/a><br \/>\n<a href=\"https:\/\/www.youtube.com\/watch?v=5BpivczVVKU\">Video<\/a><br \/>\n<a href=\"http:\/\/philippegoudard.net\/wp-content\/uploads\/2014\/05\/adc_fiche_techniqueadc.compressed.pdf\">Technical file<\/a><br \/>\n<a href=\"http:\/\/philippegoudard.net\/wp-content\/uploads\/2009\/11\/photo02.jpg\">Photo<\/a><br \/>\n<a href=\"http:\/\/philippegoudard.net\/wp-content\/uploads\/2009\/11\/photo05.jpg\">Photo<\/a><br \/>\n<a href=\"http:\/\/philippegoudard.net\/wp-content\/uploads\/2009\/11\/photo06.jpg\">Photo<\/a><\/p>\n<h5>\u00a0\u00bb A completely universal clown, Philippe Goudard, our dear and tender clown, what \u00e0 marvel!\u201d <strong>France Inter<\/strong><br \/>\n\u00ab\u00a0A splendid spectacle. A poetry, an intelligence which deeply touch you while making you laugh.. \u00a0\u00bb <strong>Divergence FM<\/strong><br \/>\n\u00a0\u00bb A very meditative and funny spectacle at the same time. A very beautiful spectacle on the condition of the clown.\u00a0\u00bb<strong> Le bruit du Off<\/strong><br \/>\n\u00ab\u00a0A magnificent solo of clown and actor \u00a0\u00bb <strong>La Provence<\/strong><br \/>\n\u00a0\u00bb As a tightrope walker without pendulum, Philippe Goudard assumes the risk of the depth of the laughter. Anatomy of a clown? Anatomy of the man? The clown dissects the man and the spectators laugh. \u00a0\u00bb <strong>Le Carr\u00e9 d&rsquo;Art<\/strong><br \/>\n\u00a0\u00bb A perfect working, where a big artist assesses draws the gestures and founding symbols of his practice and his life \u00a0\u00bb <strong>L&rsquo;Humanit\u00e9<\/strong><\/h5>\n<p>&nbsp;<\/p>\n<p><strong>Dates : <\/strong><\/p>\n<p><strong>80 shows for that new version!<\/strong><\/p>\n<p><strong>2016<\/strong><\/p>\n<p>2016 februar 2 and 3\/ Th\u00e9\u00e2tre Pierre Tabard \/ Montpellier (34)<br \/>\n2016 februar 26 \/ Th\u00e9\u00e2tre municipal \/ M\u00e8ze (34)<\/p>\n<p><strong>2014<\/strong><br \/>\nSamedi 7 juin \u00e0 l\u2019Illustre Th\u00e9\u00e2tre P\u00e9zenas (34)<br \/>\nSamedi 3 mai \u00e0 l\u2019Illustre Th\u00e9\u00e2tre P\u00e9zenas (34)<br \/>\nSamedi 5 avril \u00e0 l\u2019Illustre Th\u00e9\u00e2tre P\u00e9zenas (34)<br \/>\nDimanche 13 avril au Th\u00e9\u00e2tre dans les Vignes Couffoulens \/ Carcassonne (11)<br \/>\nSamedi 18 avril \u00e0 la MJC Trinquavel Beziers (34)<br \/>\nJeudi 24 avril \u00e0 la salle municipale Espondeilhan (34)<br \/>\nMercredi 26 mars Th\u00e9\u00e2tre Pierre Tabard Montpellier (34)<br \/>\nJeudi 27 mars Th\u00e9\u00e2tre Pierre Tabard Montpellier (34)<br \/>\nVendredi 28 mars Th\u00e9\u00e2tre Pierre Tabard Montpellier (34)<br \/>\nSamedi 29 mars Th\u00e9\u00e2tre Pierre Tabard Montpellier (34)<br \/>\nDimanche 30 mars Th\u00e9\u00e2tre Pierre Tabard Montpellier (34)<br \/>\nSamedi 1er mars \u00e0 l\u2019Illustre Th\u00e9\u00e2tre P\u00e9zenas (34)<br \/>\n<strong>2013<\/strong><br \/>\nVendredi 5 avril avec Act\u2019Art Sc\u00e8nes rurales (77)<br \/>\nSamedi 6 avril avec Act\u2019Art Sc\u00e8nes rurales (77)<br \/>\nVendredi 25 janvier \u00e0 l\u2019\u00c9cole Normale Sup\u00e9rieure de Lyon (69)<br \/>\n<strong>2012<\/strong><br \/>\nVendredi 16 novembre avec Act\u2019Art Sc\u00e8nes rurales (77)<br \/>\nSamedi 17 novembre avec Act\u2019Art Sc\u00e8nes rurales (77)<br \/>\nMercredi 12 septembre au Th\u00e9\u00e2tre de Macouria (Guyane fran\u00e7aise )<br \/>\nJeudi 13 septembre au Th\u00e9\u00e2tre de Macouria (Guyane fran\u00e7aise )<br \/>\nDu 7 au 28 juillet \u00e0 11h30 \u00e0 \u00ab\u00a0l\u2019Adresse\u00a0\u00bb pendant le festival Off d\u2019Avignon (84)<br \/>\n3 juin \u00e0 17h \u00e0 La Aula, chateau d\u2019Esserts Blay (73)<br \/>\n<strong>2011<\/strong><br \/>\nDu 8 au 31 juillet \u00e0 12h \u00e0 \u00ab\u00a0l\u2019Adresse\u00a0\u00bb pendant le festival Off d\u2019Avignon (84)<br \/>\nJeudi 7 avril \u00e0 Castelnau le Lez\u00a0 (34)<br \/>\nMardi 12 avril \u00e0 Saint G\u00e9ni\u00e8s de Malgoires (30)<br \/>\nJeudi 14 avril \u00e0 Clarensac (30)<br \/>\nVendredi 15 avril \u00e0 Bellegarde (30)<br \/>\nSamedi 16 avril \u00e0 Saze\u00a0 (30)<\/p>\n","protected":false},"excerpt":{"rendered":"<p>(2014 version \/ available) by Philippe Goudard, Marion Aubert, and guests performed by Philippe Goudard File of distribution Video Technical file Photo Photo Photo \u00a0\u00bb A completely universal clown, Philippe Goudard, our dear and tender clown, what \u00e0 marvel!\u201d France &hellip; <a href=\"https:\/\/philippegoudard.net\/?page_id=3167\">Continuer la lecture <span class=\"meta-nav\">&rarr;<\/span><\/a><\/p>\n","protected":false},"author":2,"featured_media":0,"parent":3164,"menu_order":0,"comment_status":"closed","ping_status":"closed","template":"","meta":{"footnotes":""},"class_list":["post-3167","page","type-page","status-publish","hentry"],"_links":{"self":[{"href":"https:\/\/philippegoudard.net\/index.php?rest_route=\/wp\/v2\/pages\/3167","targetHints":{"allow":["GET"]}}],"collection":[{"href":"https:\/\/philippegoudard.net\/index.php?rest_route=\/wp\/v2\/pages"}],"about":[{"href":"https:\/\/philippegoudard.net\/index.php?rest_route=\/wp\/v2\/types\/page"}],"author":[{"embeddable":true,"href":"https:\/\/philippegoudard.net\/index.php?rest_route=\/wp\/v2\/users\/2"}],"replies":[{"embeddable":true,"href":"https:\/\/philippegoudard.net\/index.php?rest_route=%2Fwp%2Fv2%2Fcomments&post=3167"}],"version-history":[{"count":11,"href":"https:\/\/philippegoudard.net\/index.php?rest_route=\/wp\/v2\/pages\/3167\/revisions"}],"predecessor-version":[{"id":3540,"href":"https:\/\/philippegoudard.net\/index.php?rest_route=\/wp\/v2\/pages\/3167\/revisions\/3540"}],"up":[{"embeddable":true,"href":"https:\/\/philippegoudard.net\/index.php?rest_route=\/wp\/v2\/pages\/3164"}],"wp:attachment":[{"href":"https:\/\/philippegoudard.net\/index.php?rest_route=%2Fwp%2Fv2%2Fmedia&parent=3167"}],"curies":[{"name":"wp","href":"https:\/\/api.w.org\/{rel}","templated":true}]}}