{"id":3164,"date":"2015-01-29T17:25:25","date_gmt":"2015-01-29T16:25:25","guid":{"rendered":"http:\/\/philippegoudard.net\/?page_id=3164"},"modified":"2017-06-07T08:53:51","modified_gmt":"2017-06-07T07:53:51","slug":"spectacles-english","status":"publish","type":"page","link":"https:\/\/philippegoudard.net\/?page_id=3164","title":{"rendered":"Creations"},"content":{"rendered":"<p><span class=\"transpan\"><span id=\"tran0\">Author, actor, clown, creator, producer, director for circus and theater, Philippe Goudard have created, interpreted and \/or produced about sixty shows at this day, which have toured around thirty countries.<\/span><\/span><\/p>\n<p><a href=\"http:\/\/philippegoudard.net\/?page_id=3709\">Clowneries (cr\u00e9ation 2017)<\/a><\/p>\n<p><a href=\"http:\/\/philippegoudard.net\/?page_id=1432\">Du c\u00f4t\u00e9 de la vie (cr\u00e9ation 2015)<\/a><\/p>\n<p><a href=\"http:\/\/philippegoudard.net\/?page_id=2937\">Anatomie d\u2019un clown (version 2014)<\/a><\/p>\n<p><a href=\"http:\/\/philippegoudard.net\/?page_id=3490\">Transversal Vagabond (Cr\u00e9ation 2006)<\/a><\/p>\n<p><a href=\"http:\/\/philippegoudard.net\/?page_id=1452\">Complete repertoire<\/a><\/p>\n<p>&nbsp;<\/p>\n","protected":false},"excerpt":{"rendered":"<p>Author, actor, clown, creator, producer, director for circus and theater, Philippe Goudard have created, interpreted and \/or produced about sixty shows at this day, which have toured around thirty countries. Clowneries (cr\u00e9ation 2017) Du c\u00f4t\u00e9 de la vie (cr\u00e9ation 2015) &hellip; <a href=\"https:\/\/philippegoudard.net\/?page_id=3164\">Continuer la lecture <span class=\"meta-nav\">&rarr;<\/span><\/a><\/p>\n","protected":false},"author":2,"featured_media":0,"parent":0,"menu_order":1,"comment_status":"closed","ping_status":"open","template":"","meta":{"footnotes":""},"class_list":["post-3164","page","type-page","status-publish","hentry"],"_links":{"self":[{"href":"https:\/\/philippegoudard.net\/index.php?rest_route=\/wp\/v2\/pages\/3164","targetHints":{"allow":["GET"]}}],"collection":[{"href":"https:\/\/philippegoudard.net\/index.php?rest_route=\/wp\/v2\/pages"}],"about":[{"href":"https:\/\/philippegoudard.net\/index.php?rest_route=\/wp\/v2\/types\/page"}],"author":[{"embeddable":true,"href":"https:\/\/philippegoudard.net\/index.php?rest_route=\/wp\/v2\/users\/2"}],"replies":[{"embeddable":true,"href":"https:\/\/philippegoudard.net\/index.php?rest_route=%2Fwp%2Fv2%2Fcomments&post=3164"}],"version-history":[{"count":7,"href":"https:\/\/philippegoudard.net\/index.php?rest_route=\/wp\/v2\/pages\/3164\/revisions"}],"predecessor-version":[{"id":3724,"href":"https:\/\/philippegoudard.net\/index.php?rest_route=\/wp\/v2\/pages\/3164\/revisions\/3724"}],"wp:attachment":[{"href":"https:\/\/philippegoudard.net\/index.php?rest_route=%2Fwp%2Fv2%2Fmedia&parent=3164"}],"curies":[{"name":"wp","href":"https:\/\/api.w.org\/{rel}","templated":true}]}}