{"id":3124,"date":"2015-01-29T17:15:16","date_gmt":"2015-01-29T16:15:16","guid":{"rendered":"http:\/\/philippegoudard.net\/?page_id=3124"},"modified":"2015-06-05T05:13:30","modified_gmt":"2015-06-05T04:13:30","slug":"3124-2","status":"publish","type":"page","link":"https:\/\/philippegoudard.net\/?page_id=3124","title":{"rendered":"Online documents"},"content":{"rendered":"<p><a href=\"https:\/\/www.youtube.com\/watch?v=AqNwymiJPVQ&amp;feature=youtu.be\">Du c\u00f4t\u00e9 de la vie Lain\u00e9 Boulgakov Goudard video <\/a>(Creation 2014-11-22)<\/p>\n<p><a href=\"http:\/\/www.liberation.fr\/societe\/2014\/11\/10\/clowns-massacre-a-la-rotative_1140536\">Clown : massacre with the printing-press<\/a> (Lib\u00e9ration 2014-11)<\/p>\n<p><a href=\"http:\/\/rirra21.upv.univ-montp3.fr\/files\/2014\/05\/Programmemusiqueetcirque2014-RIRRA.pdf\">Music and circus : a fertile relation<\/a> (Colloquium 2014-11)<\/p>\n<p><a href=\"http:\/\/www.labaignoire.fr\/les-9-10-11-octobre\/#more-1260\">Du c\u00f4t\u00e9 de la vie Lain\u00e9, Boulgakov, Goudard<\/a> (Creation 2014-10)<\/p>\n<p><a href=\"http:\/\/www.journal-laterrasse.fr\/hors-serie\/il-faut-choyer-les-artistes-de-cirque\/\">Do cherish the circus artists !<\/a> (La Terrasse 2014-10. Entretien par Catherine Robert)<\/p>\n<p><a href=\"http:\/\/fasab.udistrital.edu.co:8080\/leccion-inaugural-philippe-goudard\">Conference in Bogota-Colombie<\/a> (Universidad distrital, facultas de artes, Bogota 2014-08)<\/p>\n<p><a href=\"http:\/\/www.ricochet-jeunes.org\/magazine-propos\/article\/426-fascination-du-cirque-ce-que-nous-disent-les-s\">What cognitive science tells us about circus artists <\/a>(Ricochet-jeunes.org . Entretien par Gwenalelle Abolivier 2014-05)<\/p>\n<p><a href=\"http:\/\/languedoc-roussillon.france3.fr\/2014\/03\/29\/la-double-vie-de-philippe-goudard-444535.html\">The double life of Philipe Goudard<\/a> (FR3 : 2014-04)<\/p>\n<h4><a href=\"http:\/\/www.rozrazilonline.cz\/clanky\/1191-Druhy-Tyden-cirkusu-na-jihu-Francie\">Druh\u00fd T\u00fdden cirkusu na jihu Francie Philippe Goudard interview by Katerina Vlckova in Rozrazil Online non stop<\/a> 24.3.2014<\/h4>\n<p><a href=\"http:\/\/www.assisesducorpstransforme.fr\/2014\/04\/04\/les-etats-du-corps-au-cirque-une-esthetique-du-risque\/\">Body&rsquo;s transformations at circus: an esthetics of risks <\/a>(Colloque 2014-03)<\/p>\n<p><a href=\"http:\/\/www.ca.blog.sacd.fr\/index.php\/category\/arts_cirque\/page\/2\/\">To be circus artist in 2052 <\/a>(SACD 2013-10)<\/p>\n<p><a href=\"http:\/\/rirra21.upv.univ-montp3.fr\/programmes\/histoire-archives-et-patrimoine\/cirque\/\">Research program: \u00ab\u00a0Circus : histoiry, imaginary, practices\u00a0\u00bb<\/a> (Universit\u00e9 Paul Val\u00e9ry Montpellier &#8211; since 2009)<\/p>\n<p><a href=\"http:\/\/www.cirqueon.cz\/cs\/zpravy\/rozhovory\/item\/647-cirkus-ktery-se-nevyviji-neni-cirkusem-philippe-goudard\">Interview of Ph Goudard for CIRQUEON a project for support and development of contemporary circus in the czech republic (by Katerina Vlckova)<\/a> 2013-01<\/p>\n<p><a href=\"http:\/\/www.sacd.fr\/Aurelie-Filippetti-recue-a-la-SACD.3198.0.html\">The authors of the SACD recieve Aur\u00e9lie Filippetti , French Minister of culture and communication december 2012<\/a><\/p>\n<p><a href=\"http:\/\/www.sacd.fr\/Le-Conseil-d-Administration-2012-2013.14.0.html\">Philippe Goudard elected representant of circus authors in SACD Juin 2012<\/a><\/p>\n<p><a href=\"https:\/\/www.youtube.com\/watch?v=xhaYGBJii5c&amp;feature=youtu.be\">Philippe Goudard :<strong> \u00ab\u00a0The clown is a mystery\u00a0\u00bb\/ <\/strong>interview by Dominique Tieri<strong>&#8211; 2012)<\/strong> <\/a><\/p>\n<p><a href=\"http:\/\/www.franceinter.fr\/player\/reecouter?play=391313\"><span class=\"st\">Philippe Goudard\u2019s interview by <\/span> Gwena\u00eblle Abolivier<span class=\"st\"> in Ouvert la nuit on France Inter 27 juin 2012 (42:00 \u00e0 55:40)<\/span> <\/a><\/p>\n<p><a href=\"http:\/\/youtu.be\/o_w0a37AQA8\"><span class=\"st\">Philippe Goudard member of the jury of Festival mondial du cirque de demain, in<\/span> <span class=\"st\">Le feuilleton du 13 heures de France 2 (real J\u00e9r\u00f4me Bony) (extracts) 00:06:03<\/span> <\/a><\/p>\n<p><a href=\"http:\/\/www.franceinter.fr\/player\/reecouter?play=273523\"><span class=\"st\">Philippe Goudard interview by <\/span> Gwena\u00eblle Abolivier<span class=\"st\"> in Ouvert la nuit on France Inter 30 janvier 2012 (01:08:00 \u00e0 01:11:00)<\/span> <\/a><\/p>\n<h4><a href=\"http:\/\/www.rozrazilonline.cz\/clanky\/816-Rozhovor-s-Philippem-Goudardem\">Rozhovor s Philippem Goudardem Philippe Goudard interview by Katerina Vlckova in Rozrazil Online non stop <\/a>2012-01<\/h4>\n<p><a href=\"http:\/\/www.rozrazilonline.cz\/clanky\/816-Rozhovor-s-Philippem-Goudardem\">Philippe Goudard interview by Katerina Vlckova in Rozrazil Online Praha<\/a> 2011-11<\/p>\n<p><a href=\"http:\/\/www.dailymotion.com\/video\/xlhqhg\"><span class=\"st\">Philippe Goudard and <\/span> J\u00e9r\u00f4me Thomas\u00a0<span class=\"st\"> about One week of circus semaine for<\/span><span class=\"st\"> S.A.C.D<\/span> <\/a><\/p>\n<p>INTERVIEW de Philippe Goudard pour FR3 Nancy Lorraine d\u00e9cembre 2006<\/p>\n<p>INTERVIEW de Philippe Goudard pour FR3 Nancy Lorraine novembre 2006<\/p>\n<p>LE CIRQUE COMME UN ART entretien de Philippe Goudard<\/p>\n<p><strong>\u0152UVRES (Extraits en ligne) <\/strong><\/p>\n<p><a href=\"http:\/\/www.youtube.com\/watch?v=5BpivczVVKU\"><span class=\"st\">ANATOMIE D&rsquo;UN CLOWN 2012 extraits (00:07:19)<\/span> <\/a><\/p>\n<p><a href=\"http:\/\/www.rueetcirque.fr\/app\/photopro.sk\/hlm\/detail?docid=210051&amp;rsid=2765&amp;pos=2&amp;psort=realdate:D&amp;pitemsperpage=20&amp;ppage=1&amp;pbase=*&amp;target=doclist#sessionhistory-ready\">ANATOMIE D&rsquo;UN CLOWN 2005 extraits (00:10:20)<\/a><\/p>\n<p><a href=\"http:\/\/www.rueetcirque.fr\/app\/photopro.sk\/hlm\/detail?docid=210052&amp;rsid=2765&amp;pos=3&amp;psort=realdate:D&amp;pitemsperpage=20&amp;ppage=1&amp;pbase=*&amp;target=doclist\">A<\/a><a href=\"http:\/\/www.rueetcirque.fr\/app\/photopro.sk\/hlm\/detail?docid=210052&amp;rsid=2765&amp;pos=3&amp;psort=realdate:D&amp;pitemsperpage=20&amp;ppage=1&amp;pbase=*&amp;target=doclist\">NATOMIE D&rsquo;UN CLOWN captation du spectacle 2005 (01:06:00)<\/a><\/p>\n<p><a href=\"http:\/\/www.rueetcirque.fr\/app\/photopro.sk\/hlm\/detail?docid=211966&amp;rsid=2765&amp;pos=6&amp;psort=realdate:D&amp;pitemsperpage=20&amp;ppage=1&amp;pbase=*&amp;target=doclist\">TRANSVERSAL VAGABOND documentary about creation in Taipei (Taiwan) 2007 00:27:00<\/a><\/p>\n<p><a href=\"http:\/\/www.rueetcirque.fr\/app\/photopro.sk\/hlm\/detail?docid=211967&amp;rsid=2765&amp;pos=7&amp;psort=realdate:D&amp;pitemsperpage=20&amp;ppage=1&amp;pbase=*&amp;target=doclist\">TRANSVERSAL VAGABOND\u00a0 College of Performing Arts, Taipei, Taiwan, a show staged by\u00a0 Philippe Goudard<\/a><\/p>\n<p><a href=\"http:\/\/www.cnac.tv\/cnactv-448-Empreinte_du_futur\">EMPREINTES\u00a0 at Centre National des Arts du Cirque satging by Philippe Goudard<\/a><\/p>\n<p><a href=\"http:\/\/www.theatre-video.net\/video\/Dialoguer-interloquer\">Philippe Goudard in DIALOGUER INTERLOQUER\u00a0 of Gao Xingjiang <\/a><\/p>\n<p><a href=\"http:\/\/www.rueetcirque.fr\/app\/photopro.sk\/hlm\/detail?docid=211687&amp;rsid=2765&amp;pos=1&amp;psort=realdate:D&amp;pitemsperpage=20&amp;ppage=1&amp;pbase=*&amp;target=doclist\">CLOWNERIES captation of the show 2010 01:36:00<\/a><\/p>\n<p><a href=\"http:\/\/www.rueetcirque.fr\/app\/photopro.sk\/hlm\/detail?docid=211738&amp;rsid=2765&amp;pos=8&amp;psort=realdate:D&amp;pitemsperpage=20&amp;ppage=1&amp;pbase=*&amp;target=doclist\">DES HAUTS ET DES BAS captation of the show 2010 00:45:00<\/a><\/p>\n<p>BALLADE NOCTURNE of Gao Xingjian captation de la premi\u00e8re \u00e0 Milano (Italia) 2009 00:25:00<\/p>\n<p><a href=\"http:\/\/philippegoudard.net\/phgoud\/videos.php?video=gao\" target=\"_blank\"> BALLADE NOCTURE from GAo Xingjian film inclued in the show 2009 00:25:00<\/a><\/p>\n<p><a href=\"http:\/\/philippegoudard.net\/phgoud\/videos.php?video=echelle\" target=\"_blank\"> D\u00c9CROCHER LA LUNE improvisation by Philippe Goudard for Yves Gourmelon and Lydie Parisse, 2009, 00:03:00<\/a><\/p>\n<p>&nbsp;<\/p>\n","protected":false},"excerpt":{"rendered":"<p>Du c\u00f4t\u00e9 de la vie Lain\u00e9 Boulgakov Goudard video (Creation 2014-11-22) Clown : massacre with the printing-press (Lib\u00e9ration 2014-11) Music and circus : a fertile relation (Colloquium 2014-11) Du c\u00f4t\u00e9 de la vie Lain\u00e9, Boulgakov, Goudard (Creation 2014-10) Do cherish &hellip; <a href=\"https:\/\/philippegoudard.net\/?page_id=3124\">Continuer la lecture <span class=\"meta-nav\">&rarr;<\/span><\/a><\/p>\n","protected":false},"author":2,"featured_media":0,"parent":0,"menu_order":0,"comment_status":"closed","ping_status":"open","template":"","meta":{"footnotes":""},"class_list":["post-3124","page","type-page","status-publish","hentry"],"_links":{"self":[{"href":"https:\/\/philippegoudard.net\/index.php?rest_route=\/wp\/v2\/pages\/3124","targetHints":{"allow":["GET"]}}],"collection":[{"href":"https:\/\/philippegoudard.net\/index.php?rest_route=\/wp\/v2\/pages"}],"about":[{"href":"https:\/\/philippegoudard.net\/index.php?rest_route=\/wp\/v2\/types\/page"}],"author":[{"embeddable":true,"href":"https:\/\/philippegoudard.net\/index.php?rest_route=\/wp\/v2\/users\/2"}],"replies":[{"embeddable":true,"href":"https:\/\/philippegoudard.net\/index.php?rest_route=%2Fwp%2Fv2%2Fcomments&post=3124"}],"version-history":[{"count":13,"href":"https:\/\/philippegoudard.net\/index.php?rest_route=\/wp\/v2\/pages\/3124\/revisions"}],"predecessor-version":[{"id":3522,"href":"https:\/\/philippegoudard.net\/index.php?rest_route=\/wp\/v2\/pages\/3124\/revisions\/3522"}],"wp:attachment":[{"href":"https:\/\/philippegoudard.net\/index.php?rest_route=%2Fwp%2Fv2%2Fmedia&parent=3124"}],"curies":[{"name":"wp","href":"https:\/\/api.w.org\/{rel}","templated":true}]}}