{"id":2937,"date":"2015-01-04T12:47:05","date_gmt":"2015-01-04T11:47:05","guid":{"rendered":"http:\/\/philippegoudard.net\/wordpress\/?page_id=2937"},"modified":"2026-03-30T16:55:20","modified_gmt":"2026-03-30T15:55:20","slug":"anatomie-dun-clown","status":"publish","type":"page","link":"https:\/\/philippegoudard.net\/?page_id=2937","title":{"rendered":"Anatomie d&rsquo;un clown &#8211; Remix"},"content":{"rendered":"<p><strong>Re-cr\u00e9ation 2024<\/strong><br \/>\nAuteurs :\u00a0 Philippe Goudard, Marion Aubert, and guests<br \/>\nInterpr\u00e9tation : Philippe Goudard<br \/>\nEn collaboration avec Sandy Sun<\/p>\n<pre><em>\"Au cirque on peut passer une vie sur un num\u00e9ro.<\/em>\n<em>Toute sa vie.<\/em>\n<em>Surtout les clowns.<\/em>\n<em>Avec le temps, on les croyait rang\u00e9es, ces actions, ces images.<\/em>\n<em>Oubli\u00e9es ? Non.<\/em>\n<em>On s\u2019en est absent\u00e9, mais la m\u00e9moire, la parole et le langage sont les \u00e9l\u00e9ments \nles plus \u00e9labor\u00e9s de notre biologie.<\/em>\n<em>Alors les choses du spectacle, elles, repensent \u00e0 vous.<\/em>\n<em>Elles reviennent. Comme \u00e7a.<\/em>\n<em>On a tellement v\u00e9cu ensemble. \nOn y a tellement mis de soi que le d\u00e9sir de les vivre vous anime encore.<\/em>\n<em>Avant que tout s\u2019efface.\" PhG ao\u00fbt 2024\n<\/em><\/pre>\n<h5 style=\"text-align: right;\"><a href=\"http:\/\/philippegoudard.net\/wp-content\/uploads\/2015\/01\/anatomie.jpg\"><img loading=\"lazy\" decoding=\"async\" class=\"  wp-image-4062 alignleft\" src=\"http:\/\/philippegoudard.net\/wp-content\/uploads\/2015\/01\/anatomie-213x300.jpg\" alt=\"anatomie\" width=\"240\" height=\"338\" srcset=\"https:\/\/philippegoudard.net\/wp-content\/uploads\/2015\/01\/anatomie-213x300.jpg 213w, https:\/\/philippegoudard.net\/wp-content\/uploads\/2015\/01\/anatomie-728x1024.jpg 728w, https:\/\/philippegoudard.net\/wp-content\/uploads\/2015\/01\/anatomie.jpg 777w\" sizes=\"auto, (max-width: 240px) 100vw, 240px\" \/><\/a><\/h5>\n<p><a href=\"http:\/\/philippegoudard.net\/wp-content\/uploads\/2015\/01\/adc_dossier_adc1.compressed.pdf\">Dossier de diffusion<\/a><br \/>\nT<a href=\"https:\/\/www.youtube.com\/watch?v=zcyo2dJjbfQ\">easer<\/a><br \/>\n<a href=\"http:\/\/philippegoudard.net\/wp-content\/uploads\/2015\/01\/Fiche-Technique-ANATOMIE-DUN-CLOWN-1.pdf\">Fiche technique<\/a><br \/>\n<a href=\"http:\/\/philippegoudard.net\/wp-content\/uploads\/2009\/11\/photo02.jpg\">Photo<\/a><br \/>\n<a href=\"http:\/\/philippegoudard.net\/wp-content\/uploads\/2009\/11\/photo05.jpg\">Photo<\/a><br \/>\n<a href=\"http:\/\/philippegoudard.net\/wp-content\/uploads\/2009\/11\/photo06.jpg\">Photo<\/a><\/p>\n<h5>\u00ab Un art imm\u00e9morial de l&rsquo;autod\u00e9rision \u00e9clair\u00e9 par un optimisme humain irr\u00e9pressible. \u00bb <strong>Paul Bouissac<\/strong><br \/>\n\u00ab Un clown totalement universel, Philippe Goudard, notre cher et tendre clown, quelle merveille!\u00bb <strong>France Inter<\/strong><br \/>\n\u00ab Un magnifique spectacle. Une po\u00e9sie, une intelligence qui vous touchent profond\u00e9ment en vous faisant rire.\u00a0\u00bb\u2028 <strong>Divergence FM<\/strong><br \/>\n\u00abUn spectacle \u00e0 la fois tr\u00e8s m\u00e9ditatif et tr\u00e8s dr\u00f4le. Un tr\u00e8s beau spectacle sur la condition du clown.\u00bb <strong>Le bruit du Off<\/strong><br \/>\n\u00ab Un magnifique solo de clown et d\u2019acteur. \u00bb <strong>La Provence<\/strong><br \/>\n\u00ab Comme un funambule sans balancier, Philippe Goudard assume le risque de la profondeur du rire. Anatomie d\u2019un clown ? Anatomie de l\u2019homme ? Le clown diss\u00e8que l\u2019homme et les spectateurs rient. \u00bb <strong>Le Carr\u00e9 d\u2019Art<\/strong><br \/>\n\u00ab Elle est parfaitement r\u00e9ussie cette \u00e9pure o\u00f9 un grand artiste fait l\u2019inventaire des gestes et des symboles fondateurs de sa pratique et de sa vie. \u00bb <strong>L\u2019Humanit\u00e9<\/strong><\/h5>\n<p style=\"padding-left: 30px;\"><strong>Re-cr\u00e9ation<br \/>\n2026<br \/>\n<\/strong>30 avril et 1er mai \/\u00a0 janvier \/ Th\u00e9\u00e2tre des Beaux Arts \/ Montpellier (34)<strong><br \/>\n2025<br \/>\n<\/strong>18 janvier \/ BIAC \/ Marseille (13)<strong><strong><br \/>\n2024<br \/>\n<\/strong><\/strong>\u00a025 jao\u00fbt \/ Festival des antipodes \/ Fabrique autonome des acteurs &#8211; Moussey (57)<strong><strong><strong><strong><br \/>\n<\/strong><\/strong><\/strong>___________________________________________________<br \/>\n<\/strong><\/p>\n<p style=\"margin: 0.1pt 0cm; padding-left: 30px;\"><strong>apr\u00e8s 200 dates de la version cr\u00e9\u00e9e en 2001<\/strong><\/p>\n<p style=\"margin: 0.1pt 0cm; padding-left: 30px;\"><strong>2017<\/strong><\/p>\n<p style=\"margin: 0.1pt 0cm; padding-left: 30px;\">13 d\u00e9cembre \/ Festival Clowns not dead \/ le revest les Eaux (83)<strong><br \/>\n<\/strong><\/p>\n<p style=\"margin: 0.1pt 0cm; padding-left: 30px;\"><strong>2016<\/strong><\/p>\n<p style=\"margin: 0.1pt 0cm; padding-left: 30px;\">30 et 31 d\u00e9cembre \/ Th\u00e9\u00e2tre de l&rsquo;Iris \/ Villeurbanne (69)<\/p>\n<p style=\"margin: 0.1pt 0cm; padding-left: 30px;\">27 f\u00e9vrier \/ Th\u00e9\u00e2tre municipal \/ M\u00e8ze (34)<\/p>\n<p style=\"margin: 0.1pt 0cm; padding-left: 30px;\">2 et 3 f\u00e9vrier \/ Th\u00e9\u00e2tre Pierre Tabard \/ Montpellier (34)<br \/>\n<strong>2014<\/strong><br \/>\nSamedi 7 juin \u00e0 l\u2019Illustre Th\u00e9\u00e2tre P\u00e9zenas (34)<br \/>\nSamedi 3 mai \u00e0 l\u2019Illustre Th\u00e9\u00e2tre P\u00e9zenas (34)<br \/>\nSamedi 5 avril \u00e0 l\u2019Illustre Th\u00e9\u00e2tre P\u00e9zenas (34)<br \/>\nDimanche 13 avril au Th\u00e9\u00e2tre dans les Vignes Couffoulens \/ Carcassonne (11)<br \/>\nSamedi 18 avril \u00e0 la MJC Trinquavel Beziers (34)<br \/>\nJeudi 24 avril \u00e0 la salle municipale Espondeilhan (34)<br \/>\nMercredi 26 mars Th\u00e9\u00e2tre Pierre Tabard Montpellier (34)<br \/>\nJeudi 27 mars Th\u00e9\u00e2tre Pierre Tabard Montpellier (34)<br \/>\nVendredi 28 mars Th\u00e9\u00e2tre Pierre Tabard Montpellier (34)<br \/>\nSamedi 29 mars Th\u00e9\u00e2tre Pierre Tabard Montpellier (34)<br \/>\nDimanche 30 mars Th\u00e9\u00e2tre Pierre Tabard Montpellier (34)<br \/>\nSamedi 1er mars \u00e0 l\u2019Illustre Th\u00e9\u00e2tre P\u00e9zenas (34)<br \/>\n<strong>2013<\/strong><br \/>\nVendredi 5 avril avec Act\u2019Art Sc\u00e8nes rurales (77)<br \/>\nSamedi 6 avril avec Act\u2019Art Sc\u00e8nes rurales (77)<br \/>\nVendredi 25 janvier \u00e0 l\u2019\u00c9cole Normale Sup\u00e9rieure de Lyon (69)<br \/>\n<strong>2012<\/strong><br \/>\nVendredi 16 novembre avec Act\u2019Art Sc\u00e8nes rurales (77)<br \/>\nSamedi 17 novembre avec Act\u2019Art Sc\u00e8nes rurales (77)<br \/>\nMercredi 12 septembre au Th\u00e9\u00e2tre de Macouria (Guyane fran\u00e7aise )<br \/>\nJeudi 13 septembre au Th\u00e9\u00e2tre de Macouria (Guyane fran\u00e7aise )<br \/>\nDu 7 au 28 juillet \u00e0 11h30 \u00e0 \u00ab\u00a0l\u2019Adresse\u00a0\u00bb pendant le festival Off d\u2019Avignon (84)<br \/>\n3 juin \u00e0 17h \u00e0 La Aula, chateau d\u2019Esserts Blay (73)<br \/>\n<strong>2011<\/strong><br \/>\nDu 8 au 31 juillet \u00e0 12h \u00e0 \u00ab\u00a0l\u2019Adresse\u00a0\u00bb pendant le festival Off d\u2019Avignon (84)<br \/>\nJeudi 7 avril \u00e0 Castelnau le Lez\u00a0 (34)<br \/>\nMardi 12 avril \u00e0 Saint G\u00e9ni\u00e8s de Malgoires (30)<br \/>\nJeudi 14 avril \u00e0 Clarensac (30)<br \/>\nVendredi 15 avril \u00e0 Bellegarde (30)<br \/>\nSamedi 16 avril \u00e0 Saze\u00a0 (30)<br \/>\n<strong>2001 \u00e0 2010<\/strong><\/p>\n","protected":false},"excerpt":{"rendered":"<p>Re-cr\u00e9ation 2024 Auteurs :\u00a0 Philippe Goudard, Marion Aubert, and guests Interpr\u00e9tation : Philippe Goudard En collaboration avec Sandy Sun \u00ab\u00a0Au cirque on peut passer une vie sur un num\u00e9ro. Toute sa vie. Surtout les clowns. Avec le temps, on les &hellip; <a href=\"https:\/\/philippegoudard.net\/?page_id=2937\">Continuer la lecture <span class=\"meta-nav\">&rarr;<\/span><\/a><\/p>\n","protected":false},"author":2,"featured_media":0,"parent":32,"menu_order":0,"comment_status":"closed","ping_status":"closed","template":"","meta":{"footnotes":""},"class_list":["post-2937","page","type-page","status-publish","hentry"],"_links":{"self":[{"href":"https:\/\/philippegoudard.net\/index.php?rest_route=\/wp\/v2\/pages\/2937","targetHints":{"allow":["GET"]}}],"collection":[{"href":"https:\/\/philippegoudard.net\/index.php?rest_route=\/wp\/v2\/pages"}],"about":[{"href":"https:\/\/philippegoudard.net\/index.php?rest_route=\/wp\/v2\/types\/page"}],"author":[{"embeddable":true,"href":"https:\/\/philippegoudard.net\/index.php?rest_route=\/wp\/v2\/users\/2"}],"replies":[{"embeddable":true,"href":"https:\/\/philippegoudard.net\/index.php?rest_route=%2Fwp%2Fv2%2Fcomments&post=2937"}],"version-history":[{"count":36,"href":"https:\/\/philippegoudard.net\/index.php?rest_route=\/wp\/v2\/pages\/2937\/revisions"}],"predecessor-version":[{"id":4099,"href":"https:\/\/philippegoudard.net\/index.php?rest_route=\/wp\/v2\/pages\/2937\/revisions\/4099"}],"up":[{"embeddable":true,"href":"https:\/\/philippegoudard.net\/index.php?rest_route=\/wp\/v2\/pages\/32"}],"wp:attachment":[{"href":"https:\/\/philippegoudard.net\/index.php?rest_route=%2Fwp%2Fv2%2Fmedia&parent=2937"}],"curies":[{"name":"wp","href":"https:\/\/api.w.org\/{rel}","templated":true}]}}