{"id":2741,"date":"2014-06-18T09:13:05","date_gmt":"2014-06-18T08:13:05","guid":{"rendered":"http:\/\/philippegoudard.net\/wordpress\/?page_id=2741"},"modified":"2022-12-06T15:21:43","modified_gmt":"2022-12-06T14:21:43","slug":"2016-2","status":"publish","type":"page","link":"https:\/\/philippegoudard.net\/?page_id=2741","title":{"rendered":"Mentions l\u00e9gales"},"content":{"rendered":"<div class=\"center\">\n<div id=\"wrapper\">\n<div id=\"content\">\n<div id=\"maincolumn_full\">\n<div class=\"nopad\">\n<table class=\"contentpaneopen\">\n<tbody>\n<tr>\n<td valign=\"top\">\n<h4><strong>UTILISATION &amp; DROITS DE REPRODUCTION<br \/>\n<\/strong><\/h4>\n<p>L&rsquo;utilisation et la copie des documents et informations (\u00e9l\u00e9ments graphiques compris) disponibles sur ce site sont autoris\u00e9es sous r\u00e9serve :<\/p>\n<ul>\n<li>de reproduire sur toute copie la mention du droit d&rsquo;auteur \u00a9 philippegoudard.net ou du tiers titulaire des droits,<\/li>\n<li>de n&rsquo;utiliser ou copier de telles informations qu&rsquo;\u00e0 des fins d&rsquo;information, \u00e0 l&rsquo;exclusion de toutes fins commerciales sans autorisation pr\u00e9alable de Philippe Goudard<\/li>\n<li>de ne modifier de quelque mani\u00e8re que ce soit les informations contenues sur ce site<\/li>\n<\/ul>\n<p>L&rsquo;ensemble des droits non express\u00e9ment conc\u00e9d\u00e9s aux termes des pr\u00e9sentes sont r\u00e9serv\u00e9s \u00e0 Philippe Goudard.<\/p>\n<h4><strong>CR\u00c9DITS PHOTOGRAPHIQUES<br \/>\n<\/strong><\/h4>\n<p>Alexandra Ancel, Maripaule B., Marc Ginot, Bruno Granouillac, Philippe Goudard, Yann Kernevo, Jo Vitali, Gao Xingjian.<\/td>\n<\/tr>\n<\/tbody>\n<\/table>\n<p><span class=\"article_separator\">\u00a0<\/span><\/p>\n<\/div>\n<\/div>\n<div class=\"clr\"><\/div>\n<\/div>\n<\/div>\n<\/div>\n<div id=\"footer\">\n<div id=\"sgf\">\n<div>\n<div><a class=\"sgfooter\" href=\"http:\/\/philippegoudard.net\/index.php\/mentions-legales\" target=\"\">Mentions l\u00e9gales<\/a> &#8211; Conception by <a class=\"sgfooter\" href=\"http:\/\/www.nomadisme-photographique.fr\/\" target=\"_blank\">Bruno Granouillac<\/a><\/div>\n<div>Valid <a href=\"http:\/\/validator.w3.org\/check\/referer\" target=\"_blank\">XHTML<\/a> and <a href=\"http:\/\/jigsaw.w3.org\/css-validator\/check\/referer\" target=\"_blank\">CSS<\/a>.<\/div>\n<\/div>\n<\/div>\n<\/div>\n","protected":false},"excerpt":{"rendered":"<p>UTILISATION &amp; DROITS DE REPRODUCTION L&rsquo;utilisation et la copie des documents et informations (\u00e9l\u00e9ments graphiques compris) disponibles sur ce site sont autoris\u00e9es sous r\u00e9serve : de reproduire sur toute copie la mention du droit d&rsquo;auteur \u00a9 philippegoudard.net ou du tiers &hellip; <a href=\"https:\/\/philippegoudard.net\/?page_id=2741\">Continuer la lecture <span class=\"meta-nav\">&rarr;<\/span><\/a><\/p>\n","protected":false},"author":2,"featured_media":0,"parent":402,"menu_order":0,"comment_status":"closed","ping_status":"open","template":"","meta":{"footnotes":""},"class_list":["post-2741","page","type-page","status-publish","hentry"],"_links":{"self":[{"href":"https:\/\/philippegoudard.net\/index.php?rest_route=\/wp\/v2\/pages\/2741","targetHints":{"allow":["GET"]}}],"collection":[{"href":"https:\/\/philippegoudard.net\/index.php?rest_route=\/wp\/v2\/pages"}],"about":[{"href":"https:\/\/philippegoudard.net\/index.php?rest_route=\/wp\/v2\/types\/page"}],"author":[{"embeddable":true,"href":"https:\/\/philippegoudard.net\/index.php?rest_route=\/wp\/v2\/users\/2"}],"replies":[{"embeddable":true,"href":"https:\/\/philippegoudard.net\/index.php?rest_route=%2Fwp%2Fv2%2Fcomments&post=2741"}],"version-history":[{"count":6,"href":"https:\/\/philippegoudard.net\/index.php?rest_route=\/wp\/v2\/pages\/2741\/revisions"}],"predecessor-version":[{"id":3990,"href":"https:\/\/philippegoudard.net\/index.php?rest_route=\/wp\/v2\/pages\/2741\/revisions\/3990"}],"up":[{"embeddable":true,"href":"https:\/\/philippegoudard.net\/index.php?rest_route=\/wp\/v2\/pages\/402"}],"wp:attachment":[{"href":"https:\/\/philippegoudard.net\/index.php?rest_route=%2Fwp%2Fv2%2Fmedia&parent=2741"}],"curies":[{"name":"wp","href":"https:\/\/api.w.org\/{rel}","templated":true}]}}