{"id":2700,"date":"2014-06-05T13:14:20","date_gmt":"2014-06-05T12:14:20","guid":{"rendered":"http:\/\/philippegoudard.net\/wordpress\/?page_id=2700"},"modified":"2017-12-15T18:26:09","modified_gmt":"2017-12-15T17:26:09","slug":"colloques","status":"publish","type":"page","link":"https:\/\/philippegoudard.net\/?page_id=2700","title":{"rendered":"2014_2017"},"content":{"rendered":"<p><a href=\"http:\/\/philippegoudard.net\/?page_id=3709\">\u00ab Genre de clowns\u00bb cr\u00e9ation<\/a><\/p>\n<p>Dimanche 28 janvier 2018 Ecole de cirque Zep\u00e9tra (34)<\/p>\n<p><a href=\"http:\/\/philippegoudard.net\/?page_id=3709\">\u00ab Clowneries #2\u00bb cr\u00e9ation<\/a><br \/>\nSamedi 28 mars 2017 Ecole de cirque Zep\u00e9tra (34)<br \/>\nVendredi 27 janvier 2017 Salle Municipale de Ventenac-Cabardes (11)<\/p>\n<hr \/>\n<p>&nbsp;<\/p>\n<p><a href=\"http:\/\/philippegoudard.net\/?page_id=1432\">\u00ab\u00a0Du c\u00f4t\u00e9 de la vie\u00a0\u00bb cr\u00e9ation octobre 2014 \/ 66 repr\u00e9sentations<\/a><\/p>\n<p style=\"margin: 0cm; margin-bottom: .0001pt;\">9 et 10 d\u00e9cembre 2017 \/ L&rsquo;Imprimerie\/ Cie L&rsquo;Astrolabe\/ Montpellier (34)<\/p>\n<p style=\"margin: 0cm; margin-bottom: .0001pt;\">5 au 30 juillet 2017 Avignon Off Th\u00e9\u00e2tre de l\u2019Adresse (84)<\/p>\n<p style=\"margin: 0cm; margin-bottom: .0001pt;\">1er, 3, 4 et 5 mars 2017 \/ Tourn\u00e9e ATP Nimes (30)<\/p>\n<p style=\"margin: 0cm; margin-bottom: .0001pt;\">1<sup>er<\/sup> et 22 f\u00e9vrier 2017 Le Vestibule Caf\u00e9 Paris (75011)<\/p>\n<p style=\"margin: 0cm; margin-bottom: .0001pt;\">5 octobre, 5 novembre, 7 d\u00e9cembre 2016 Le Vestibule Caf\u00e9 Paris (75011)<\/p>\n<p style=\"margin: 0cm; margin-bottom: .0001pt;\">15 avril 2016 \/ Tourn\u00e9e M\u00e9diath\u00e8ques-Sortie Ouest \/ St Geni\u00e8s de Fontedit (34)<\/p>\n<p style=\"margin: 0cm; margin-bottom: .0001pt;\">12 avril 2016 \/ Tourn\u00e9e M\u00e9diath\u00e8ques-Sortie Ouest \/ M\u00e8ze (34)<\/p>\n<p style=\"margin: 0cm; margin-bottom: .0001pt;\">8 avril 2016 \/ Tourn\u00e9e M\u00e9diath\u00e8ques-Sortie Ouest \/ Olargues (34)<\/p>\n<p style=\"margin: 0cm; margin-bottom: .0001pt;\">5 avril 2016 \/ Tourn\u00e9e M\u00e9diath\u00e8ques-Sortie Ouest \/ Cruzy (34)<\/p>\n<p style=\"margin: 0cm; margin-bottom: .0001pt;\">2 avril 2016 \/ Tourn\u00e9e M\u00e9diath\u00e8ques-Sortie Ouest \/ Octon (34)<\/p>\n<p style=\"margin: 0cm; margin-bottom: .0001pt;\">1er avril 2016 \/ Tourn\u00e9e M\u00e9diath\u00e8ques-Sortie Ouest \/ Teyran (34)<\/p>\n<p style=\"margin: 0cm; margin-bottom: .0001pt;\">29 mars 2016 \/ Tourn\u00e9e M\u00e9diath\u00e8ques-Sortie Ouest \/ St F\u00e9lix de Lodez (34)<\/p>\n<p style=\"margin: 0cm; margin-bottom: .0001pt;\">5,12,19 et 26 mars 2016\/Illustre th\u00e9\u00e2tre \/ P\u00e9zenas (34)<\/p>\n<p style=\"margin: 0cm; margin-bottom: .0001pt;\">5, 6 et 7 f\u00e9vrier 2016 \/ Th\u00e9\u00e2tre Pierre Tabard \/ Montpellier<\/p>\n<p style=\"margin: 0cm; margin-bottom: .0001pt;\">5 d\u00e9cembre 2015 \/ Cin\u00e9ma Jacques Brel\/ <span class=\"st\">Labastide-Rouairoux <\/span>(81)<\/p>\n<p style=\"margin: 0cm; margin-bottom: .0001pt;\">18 au 21 novembre 2015 \/La Baignoire \/ Montpellier (34)<\/p>\n<p style=\"margin: 0cm; margin-bottom: .0001pt;\">6 et 7 novembre 2015 \/\u00a0 Th\u00e9\u00e2tre Le Subito \/ N\u00eemes (30)<\/p>\n<p style=\"margin: 0cm; margin-bottom: .0001pt;\">8 et 10 octobre 2015\/ Compagnie Guyanaise \/ Guyane (97)<\/p>\n<p style=\"margin: 0cm; margin-bottom: .0001pt;\">26 septembre 2015 \/ Compagnie Sa\u00efda Kao \/ Tressan (34)<\/p>\n<p style=\"margin: 0cm; margin-bottom: .0001pt;\">19 septembre 2015 \/ \u00c9cole de cirque de Bourges \/ Bourges (18)<\/p>\n<p style=\"margin: 0cm; margin-bottom: .0001pt;\">13 septembre 2015 \/ en appartement\/ Calvisson (30)<\/p>\n<p style=\"margin: 0cm; margin-bottom: .0001pt;\">22 mai\u00a0 2015 \/ Th\u00e9\u00e2tre de l\u2019Iris \/ Lyon \/ 21h00<\/p>\n<p style=\"margin: 0cm; margin-bottom: .0001pt;\">30 avril 2015 \/ Th\u00e9\u00e2tre 2.0 \/ Montpellier \/ 20h30<\/p>\n<p style=\"margin: 0cm; margin-bottom: .0001pt;\">3 mars 2015 \/ Th\u00e9\u00e2tre Pierre Tabard \/ Montpellier \/ 20h30<\/p>\n<p style=\"margin: 0cm; margin-bottom: .0001pt;\">24 f\u00e9vrier 2015 \/ Th\u00e9\u00e2tre Pierre Tabard \/ Montpellier \/ 20h30<\/p>\n<p style=\"margin: 0cm; margin-bottom: .0001pt;\">22 novembre 2014\u00a0 \/ Z\u00e9p\u00e9tra \/ Montpellier \/ 20h30<\/p>\n<p style=\"margin: 0cm; margin-bottom: .0001pt;\">11 octobre 2014 \/ La Baignoire \/ Montpellier \/ 19h<\/p>\n<p style=\"margin: 0cm; margin-bottom: .0001pt;\">10 octobre 2014 \/ La Baignoire \/ Montpellier \/ 19h<\/p>\n<p style=\"margin: 0cm; margin-bottom: .0001pt;\">9 octobre 2014 \/ La Baignoire \/ Montpellier \/ 19h<\/p>\n<hr \/>\n<p><a href=\"http:\/\/philippegoudard.net\/?page_id=2937\">\u00ab\u00a0Anatomie d&rsquo;un clown\u00a0\u00bb nouvelle version \/ 84 repr\u00e9sentations<\/a><strong><br \/>\n<\/strong><\/p>\n<p>13 d\u00e9cembre 2017 \/ Festival Clowns not dead\/ Le Revest les Eaux\u00a0 (83)<br \/>\n30 et 31 d\u00e9cembre 2016 \/ Th\u00e9\u00e2tre de l\u2019Iris \u00e0 Villeurbanne (69)<br \/>\n10 d\u00e9cembre 2016 \/ Sc\u00e8ne Nationale de S\u00e8te (34)<br \/>\n28 mai 2016 \/ Th\u00e9\u00e2tre de l\u2019Iris \/ Villeurbanne (69)<br \/>\n27 f\u00e9vrier 2016 \/ Th\u00e9\u00e2tre municipal \/ M\u00e8ze (34)<br \/>\n2 et 3 f\u00e9vrier 2016\/ Th\u00e9\u00e2tre Pierre Tabard \/ Montpellier (34)<br \/>\nSamedi 7 juin 2014 \u00e0 l\u2019Illustre Th\u00e9\u00e2tre P\u00e9zenas (34)<br \/>\nSamedi 3 mai 2014 \u00e0 l\u2019Illustre Th\u00e9\u00e2tre P\u00e9zenas (34)<br \/>\nSamedi 5 avril 2014 \u00e0 l\u2019Illustre Th\u00e9\u00e2tre P\u00e9zenas (34)<br \/>\nDimanche 13 avril 2014 au Th\u00e9\u00e2tre dans les Vignes Couffoulens \/ Carcassonne (11)<br \/>\nSamedi 18 avril 2014 \u00e0 la MJC Trinquavel Beziers (34)<br \/>\nJeudi 24 avril 2014 \u00e0 la salle municipale Espondeilhan (34)<br \/>\nMercredi 26 mars 2014 Th\u00e9\u00e2tre Pierre Tabard Montpellier (34)<br \/>\nJeudi 27 mars 2014 Th\u00e9\u00e2tre Pierre Tabard Montpellier (34)<br \/>\nVendredi 28 mars 2014 Th\u00e9\u00e2tre Pierre Tabard Montpellier (34)<br \/>\nSamedi 29 mars 2014 Th\u00e9\u00e2tre Pierre Tabard Montpellier (34)<br \/>\nDimanche 30 mars 2014 Th\u00e9\u00e2tre Pierre Tabard Montpellier (34)<br \/>\nSamedi 1er mars 2014 \u00e0 l\u2019Illustre Th\u00e9\u00e2tre P\u00e9zenas (34)<br \/>\nVendredi 5 avril 2013 avec Act\u2019Art Sc\u00e8nes rurales (77)<br \/>\nSamedi 6 avril 2013 avec Act\u2019Art Sc\u00e8nes rurales (77)<br \/>\nVendredi 25 janvier 2013 \u00e0 l\u2019\u00c9cole Normale Sup\u00e9rieure de Lyon (69)<br \/>\nVendredi 16 novembre 2012 avec Act\u2019Art Sc\u00e8nes rurales (77)<br \/>\nSamedi 17 novembre 2012 avec Act\u2019Art Sc\u00e8nes rurales (77)<br \/>\nMercredi 12 septembre 2012 au Th\u00e9\u00e2tre de Macouria (Guyane fran\u00e7aise )<br \/>\nJeudi 13 septembre 2012 au Th\u00e9\u00e2tre de Macouria (Guyane fran\u00e7aise )<br \/>\nDu 7 au 28 juillet 2012 \u00e0 11h30 \u00e0 \u00ab\u00a0l\u2019Adresse\u00a0\u00bb pendant le festival Off d\u2019Avignon (84)<br \/>\n3 juin 2012 \u00e0 17h \u00e0 La Aula, chateau d\u2019Esserts Blay (73)<br \/>\nDu 8 au 31 juillet 2011 \u00e0 12h \u00e0 \u00ab\u00a0l\u2019Adresse\u00a0\u00bb pendant le festival Off d\u2019Avignon (84)<br \/>\nJeudi 7 avril 2011 \u00e0 Castelnau le Lez\u00a0 (34)<br \/>\nMardi 12 avril 2011 \u00e0 Saint G\u00e9ni\u00e8s de Malgoires (30)<br \/>\nJeudi 14 avril 2011 \u00e0 Clarensac (30)<br \/>\nVendredi 15 avril 2011 \u00e0 Bellegarde (30)<br \/>\nSamedi 16 avril 2011 \u00e0 Saze\u00a0 (30)<\/p>\n<hr \/>\n<p>&nbsp;<\/p>\n<p><a href=\"http:\/\/philippegoudard.net\/wp-content\/uploads\/2014\/05\/PhGoudard_Talks_Update102017.pdf\">Conf\u00e9rences<\/a><\/p>\n","protected":false},"excerpt":{"rendered":"<p>\u00ab Genre de clowns\u00bb cr\u00e9ation Dimanche 28 janvier 2018 Ecole de cirque Zep\u00e9tra (34) \u00ab Clowneries #2\u00bb cr\u00e9ation Samedi 28 mars 2017 Ecole de cirque Zep\u00e9tra (34) Vendredi 27 janvier 2017 Salle Municipale de Ventenac-Cabardes (11) &nbsp; \u00ab\u00a0Du c\u00f4t\u00e9 de &hellip; <a href=\"https:\/\/philippegoudard.net\/?page_id=2700\">Continuer la lecture <span class=\"meta-nav\">&rarr;<\/span><\/a><\/p>\n","protected":false},"author":2,"featured_media":0,"parent":402,"menu_order":0,"comment_status":"closed","ping_status":"open","template":"","meta":{"footnotes":""},"class_list":["post-2700","page","type-page","status-publish","hentry"],"_links":{"self":[{"href":"https:\/\/philippegoudard.net\/index.php?rest_route=\/wp\/v2\/pages\/2700","targetHints":{"allow":["GET"]}}],"collection":[{"href":"https:\/\/philippegoudard.net\/index.php?rest_route=\/wp\/v2\/pages"}],"about":[{"href":"https:\/\/philippegoudard.net\/index.php?rest_route=\/wp\/v2\/types\/page"}],"author":[{"embeddable":true,"href":"https:\/\/philippegoudard.net\/index.php?rest_route=\/wp\/v2\/users\/2"}],"replies":[{"embeddable":true,"href":"https:\/\/philippegoudard.net\/index.php?rest_route=%2Fwp%2Fv2%2Fcomments&post=2700"}],"version-history":[{"count":53,"href":"https:\/\/philippegoudard.net\/index.php?rest_route=\/wp\/v2\/pages\/2700\/revisions"}],"predecessor-version":[{"id":3814,"href":"https:\/\/philippegoudard.net\/index.php?rest_route=\/wp\/v2\/pages\/2700\/revisions\/3814"}],"up":[{"embeddable":true,"href":"https:\/\/philippegoudard.net\/index.php?rest_route=\/wp\/v2\/pages\/402"}],"wp:attachment":[{"href":"https:\/\/philippegoudard.net\/index.php?rest_route=%2Fwp%2Fv2%2Fmedia&parent=2700"}],"curies":[{"name":"wp","href":"https:\/\/api.w.org\/{rel}","templated":true}]}}