{"id":2698,"date":"2014-06-05T13:14:08","date_gmt":"2014-06-05T12:14:08","guid":{"rendered":"http:\/\/philippegoudard.net\/wordpress\/?page_id=2698"},"modified":"2015-01-01T14:51:53","modified_gmt":"2015-01-01T13:51:53","slug":"conferences","status":"publish","type":"page","link":"https:\/\/philippegoudard.net\/?page_id=2698","title":{"rendered":"2014"},"content":{"rendered":"<p><span style=\"font-size: 10pt; font-family: arial,helvetica,sans-serif;\"><span style=\"color: #993300;\"><strong>Samedi 7 juin \u00e0 l&rsquo;Illustre Th\u00e9\u00e2tre <span style=\"color: #993300;\">P\u00e9zenas <\/span><\/strong> <span style=\"font-size: 10pt; font-family: arial,helvetica,sans-serif; color: #888888;\"><span style=\"color: #993300;\"><strong>(34) <\/strong><span style=\"font-size: 10pt; font-family: arial,helvetica,sans-serif; color: #0000ff;\"><strong>Anatomie d&rsquo;un clown<\/strong><\/span><\/span><\/span><\/span><\/span><\/p>\n<p><span style=\"font-size: 10pt; font-family: arial,helvetica,sans-serif;\"><span style=\"color: #993300;\"><strong>Samedi 3 mai \u00e0 l&rsquo;Illustre Th\u00e9\u00e2tre <span style=\"color: #993300;\">P\u00e9zenas <\/span><\/strong> <span style=\"font-size: 10pt; font-family: arial,helvetica,sans-serif; color: #888888;\"><span style=\"color: #993300;\"><strong>(34) <\/strong><span style=\"font-size: 10pt; font-family: arial,helvetica,sans-serif; color: #0000ff;\"><strong>Anatomie d&rsquo;un clown <\/strong><\/span><\/span><\/span><\/span><\/span><\/p>\n<p><span style=\"font-size: 10pt; font-family: arial,helvetica,sans-serif;\"><span style=\"color: #993300;\"><strong>Samedi 5 avril \u00e0 l&rsquo;Illustre Th\u00e9\u00e2tre <span style=\"color: #993300;\">P\u00e9zenas <\/span><\/strong> <span style=\"font-size: 10pt; font-family: arial,helvetica,sans-serif; color: #888888;\"><span style=\"color: #993300;\"><strong><span style=\"color: #993300;\">(34)<\/span> <\/strong><span style=\"font-size: 10pt; font-family: arial,helvetica,sans-serif; color: #0000ff;\"><strong>Anatomie d&rsquo;un clown<\/strong><\/span><\/span><\/span><\/span><\/span><\/p>\n<p><span style=\"font-size: 10pt; font-family: arial,helvetica,sans-serif;\"><span style=\"color: #993300;\"><strong>Dimanche 13 avril au Th\u00e9\u00e2tre dans les Vignes<span style=\"font-size: 10pt; font-family: arial,helvetica,sans-serif;\"><span style=\"color: #993300;\"><strong><span style=\"font-size: 10pt; font-family: arial,helvetica,sans-serif;\"><span style=\"color: #993300;\"><span style=\"font-size: 10pt; font-family: arial,helvetica,sans-serif; color: #888888;\"><span style=\"color: #993300;\"><span style=\"font-size: 10pt; font-family: arial,helvetica,sans-serif; color: #0000ff;\"><strong><span style=\"color: #993300;\"> Couffoulens \/ Carcassonne (11)<\/span> Anatomie d&rsquo;un clown<\/strong><\/span><\/span><\/span><\/span><\/span><\/strong><\/span><\/span><\/strong><\/span><\/span><\/p>\n<p><span style=\"font-size: 10pt; font-family: arial,helvetica,sans-serif;\"><span style=\"color: #993300;\"><strong>Samedi 18 avril \u00e0 la MJC Trinquavel <span style=\"color: #993300;\">Beziers (34)<\/span> <span style=\"font-size: 10pt; font-family: arial,helvetica,sans-serif;\"><span style=\"color: #993300;\"><span style=\"font-size: 10pt; font-family: arial,helvetica,sans-serif; color: #888888;\"><span style=\"color: #993300;\"><span style=\"font-size: 10pt; font-family: arial,helvetica,sans-serif; color: #0000ff;\"><strong>Anatomie d&rsquo;un clown<\/strong><\/span><\/span><\/span><\/span><\/span><\/strong><\/span><\/span><\/p>\n<p><span style=\"font-size: 10pt; font-family: arial,helvetica,sans-serif;\"><span style=\"color: #993300;\"><strong>Jeudi 24 avril \u00e0 la salle municipale <span style=\"color: #993300;\">Espondeilhan (34)<\/span> <span style=\"font-size: 10pt; font-family: arial,helvetica,sans-serif;\"><span style=\"color: #993300;\"><strong><span style=\"font-size: 10pt; font-family: arial,helvetica,sans-serif;\"><span style=\"color: #993300;\"><span style=\"font-size: 10pt; font-family: arial,helvetica,sans-serif; color: #888888;\"><span style=\"color: #993300;\"><span style=\"font-size: 10pt; font-family: arial,helvetica,sans-serif; color: #0000ff;\"><strong>Anatomie d&rsquo;un clown<\/strong><\/span><\/span><\/span><\/span><\/span><\/strong><\/span><\/span><\/strong><\/span><\/span><\/p>\n<p><span style=\"font-size: 10pt; font-family: arial,helvetica,sans-serif;\"><span style=\"color: #993300;\"><strong>Mercredi 26 mars Th\u00e9\u00e2tre Pierre Tabard <span style=\"color: #993300;\">Montpellier <\/span><\/strong> <span style=\"font-size: 10pt; font-family: arial,helvetica,sans-serif; color: #888888;\"><span style=\"color: #993300;\"><strong><span style=\"color: #993300;\">(34)<\/span> <\/strong><span style=\"font-size: 10pt; font-family: arial,helvetica,sans-serif; color: #0000ff;\"><strong>Anatomie d&rsquo;un clown <\/strong><\/span><\/span><\/span><\/span><\/span><\/p>\n<p><span style=\"font-size: 10pt; font-family: arial,helvetica,sans-serif;\"><span style=\"color: #993300;\"><strong>Jeudi 27 mars Th\u00e9\u00e2tre Pierre Tabard <span style=\"color: #993300;\">Montpellier <\/span><\/strong> <span style=\"font-size: 10pt; font-family: arial,helvetica,sans-serif; color: #888888;\"><span style=\"color: #993300;\"><strong>(34) <\/strong><span style=\"font-size: 10pt; font-family: arial,helvetica,sans-serif; color: #0000ff;\"><strong>Anatomie d&rsquo;un clown <\/strong><\/span><\/span><\/span><\/span><\/span><\/p>\n<p><span style=\"font-size: 10pt; font-family: arial,helvetica,sans-serif;\"><span style=\"color: #993300;\"><strong>Vendredi mars Th\u00e9\u00e2tre Pierre Tabard <span style=\"color: #993300;\">Montpellier<\/span> <\/strong> <span style=\"font-size: 10pt; font-family: arial,helvetica,sans-serif; color: #888888;\"><span style=\"color: #993300;\"><strong>(34) <\/strong><span style=\"font-size: 10pt; font-family: arial,helvetica,sans-serif; color: #0000ff;\"><strong>Anatomie d&rsquo;un clown <\/strong><\/span><\/span><\/span><\/span><\/span><\/p>\n<p><span style=\"font-size: 10pt; font-family: arial,helvetica,sans-serif;\"><span style=\"color: #993300;\"><strong>Samedi 29 mars Th\u00e9\u00e2tre Pierre Tabard <span style=\"color: #993300;\">Montpellier <\/span><\/strong> <span style=\"font-size: 10pt; font-family: arial,helvetica,sans-serif; color: #888888;\"><span style=\"color: #993300;\"><strong>(34) <\/strong><span style=\"font-size: 10pt; font-family: arial,helvetica,sans-serif; color: #0000ff;\"><strong>Anatomie d&rsquo;un clown <\/strong><\/span><\/span><\/span><\/span><\/span><\/p>\n<p><span style=\"font-size: 10pt; font-family: arial,helvetica,sans-serif;\"><span style=\"color: #993300;\"><strong>Dimanche 30 mars Th\u00e9\u00e2tre Pierre Tabard <span style=\"color: #993300;\">Montpellier <\/span><\/strong> <span style=\"font-size: 10pt; font-family: arial,helvetica,sans-serif; color: #888888;\"><span style=\"color: #993300;\"><strong>(34) <\/strong><span style=\"font-size: 10pt; font-family: arial,helvetica,sans-serif; color: #0000ff;\"><strong>Anatomie d&rsquo;un clown<\/strong><\/span><\/span><\/span><\/span><\/span><\/p>\n<p><span style=\"font-size: 10pt; font-family: arial,helvetica,sans-serif;\"><span style=\"color: #993300;\"><strong>Samedi 1er mars \u00e0 l&rsquo;Illustre Th\u00e9\u00e2tre P\u00e9zenas <\/strong> <span style=\"font-size: 10pt; font-family: arial,helvetica,sans-serif; color: #888888;\"><strong>(34) <\/strong><span style=\"font-size: 10pt; font-family: arial,helvetica,sans-serif; color: #0000ff;\"><strong>Anatomie d&rsquo;un clown<\/strong><\/span><\/span><\/span><\/span><\/p>\n","protected":false},"excerpt":{"rendered":"<p>Samedi 7 juin \u00e0 l&rsquo;Illustre Th\u00e9\u00e2tre P\u00e9zenas (34) Anatomie d&rsquo;un clown Samedi 3 mai \u00e0 l&rsquo;Illustre Th\u00e9\u00e2tre P\u00e9zenas (34) Anatomie d&rsquo;un clown Samedi 5 avril \u00e0 l&rsquo;Illustre Th\u00e9\u00e2tre P\u00e9zenas (34) Anatomie d&rsquo;un clown Dimanche 13 avril au Th\u00e9\u00e2tre dans les &hellip; <a href=\"https:\/\/philippegoudard.net\/?page_id=2698\">Continuer la lecture <span class=\"meta-nav\">&rarr;<\/span><\/a><\/p>\n","protected":false},"author":2,"featured_media":0,"parent":402,"menu_order":0,"comment_status":"closed","ping_status":"open","template":"","meta":{"footnotes":""},"class_list":["post-2698","page","type-page","status-publish","hentry"],"_links":{"self":[{"href":"https:\/\/philippegoudard.net\/index.php?rest_route=\/wp\/v2\/pages\/2698","targetHints":{"allow":["GET"]}}],"collection":[{"href":"https:\/\/philippegoudard.net\/index.php?rest_route=\/wp\/v2\/pages"}],"about":[{"href":"https:\/\/philippegoudard.net\/index.php?rest_route=\/wp\/v2\/types\/page"}],"author":[{"embeddable":true,"href":"https:\/\/philippegoudard.net\/index.php?rest_route=\/wp\/v2\/users\/2"}],"replies":[{"embeddable":true,"href":"https:\/\/philippegoudard.net\/index.php?rest_route=%2Fwp%2Fv2%2Fcomments&post=2698"}],"version-history":[{"count":10,"href":"https:\/\/philippegoudard.net\/index.php?rest_route=\/wp\/v2\/pages\/2698\/revisions"}],"predecessor-version":[{"id":2812,"href":"https:\/\/philippegoudard.net\/index.php?rest_route=\/wp\/v2\/pages\/2698\/revisions\/2812"}],"up":[{"embeddable":true,"href":"https:\/\/philippegoudard.net\/index.php?rest_route=\/wp\/v2\/pages\/402"}],"wp:attachment":[{"href":"https:\/\/philippegoudard.net\/index.php?rest_route=%2Fwp%2Fv2%2Fmedia&parent=2698"}],"curies":[{"name":"wp","href":"https:\/\/api.w.org\/{rel}","templated":true}]}}