{"id":2695,"date":"2014-06-05T13:13:22","date_gmt":"2014-06-05T12:13:22","guid":{"rendered":"http:\/\/philippegoudard.net\/wordpress\/?page_id=2695"},"modified":"2015-01-01T14:59:52","modified_gmt":"2015-01-01T13:59:52","slug":"spectacles","status":"publish","type":"page","link":"https:\/\/philippegoudard.net\/?page_id=2695","title":{"rendered":"2013"},"content":{"rendered":"<p><span style=\"font-size: 10pt; font-family: arial,helvetica,sans-serif;\"><span style=\"color: #888888;\"><strong><span style=\"color: #0000ff;\">D\u00c9CEMBRE 2013<\/span><\/strong><\/span><\/span><\/p>\n<p><span style=\"font-size: 10pt; font-family: arial,helvetica,sans-serif;\"><span style=\"color: #888888;\"><strong><span style=\"color: #0000ff;\"><span style=\"font-size: 10pt; font-family: arial,helvetica,sans-serif;\"><span style=\"color: #993300;\"><strong>Centre National des Arts du Cirque \u00e0 Ch\u00e2lons en Champagne (51)\u00a0<span style=\"font-size: 10pt; font-family: arial,helvetica,sans-serif;\"><span style=\"color: #993300;\"><span style=\"font-size: 10pt; font-family: arial,helvetica,sans-serif; color: #888888;\"><span style=\"color: #993300;\"><strong><span style=\"font-size: 10pt; font-family: arial,helvetica,sans-serif;\"><span style=\"color: #993300;\"><strong><span style=\"color: #0000ff;\">Master classes \u00a0\u00bb Processus cirque\u00a0\u00bb<\/span><\/strong><\/span><\/span><\/strong><\/span><\/span><\/span><\/span><\/strong><\/span><\/span><\/span><\/strong><\/span><\/span><\/p>\n<p><a href=\"http:\/\/www.cnac.fr\/cnac-665-Formations_professionnelles_2013__2014-Processus_cirque__jouer_creer_composer%20\"><span style=\"font-size: 8pt; font-family: arial,helvetica,sans-serif;\">en savoir +<\/span><\/a><\/p>\n<p><span style=\"font-size: 10pt; font-family: arial,helvetica,sans-serif;\"><span style=\"color: #888888;\"><strong><span style=\"color: #0000ff;\">NOVEMBRE 2013 <\/span><\/strong> <\/span><\/span><\/p>\n<p><span style=\"font-size: 10pt; font-family: arial,helvetica,sans-serif;\"><span style=\"color: #993300;\"><strong>Vendredi 15 novembre \u00e0 La Baignoire Montpellier (34) <span style=\"color: #0000ff;\">R\u00e9cits d&rsquo;un jeune m\u00e9decin<\/span><br \/>\n<\/strong><\/span><\/span><\/p>\n<p><span style=\"font-size: 10pt; font-family: arial,helvetica,sans-serif;\"><span style=\"color: #993300;\"><strong>Samedi 16 novembre <\/strong><strong>\u00e0 La Baignoire Montpellier (34) <span style=\"color: #0000ff;\">R\u00e9cits d&rsquo;un jeune m\u00e9decin<\/span><\/strong><\/span><\/span><\/p>\n<p><span style=\"font-size: 10pt; font-family: arial,helvetica,sans-serif; color: #0000ff;\"><strong><span style=\"font-size: 10pt; font-family: arial,helvetica,sans-serif;\"><strong>JUILLET 2013<\/strong><\/span><\/strong><\/span><\/p>\n<p><span style=\"font-size: 10pt; font-family: arial,helvetica,sans-serif;\"><span style=\"color: #0000ff;\"><strong><span style=\"font-size: 10pt; font-family: arial,helvetica,sans-serif;\"><span style=\"color: #0000ff;\"><strong><span style=\"font-size: 10pt; font-family: arial,helvetica,sans-serif;\"><span style=\"color: #993300;\"><strong>Samedi 6 juin \u00e0 Saint Nazaire <\/strong> <span style=\"font-size: 10pt; font-family: arial,helvetica,sans-serif; color: #888888;\"><span style=\"color: #993300;\"><strong>(44) <span style=\"font-size: 10pt; font-family: arial,helvetica,sans-serif;\"><span style=\"color: #993300;\"><strong><span style=\"color: #0000ff;\">Conf\u00e9rence \u00ab\u00a0Sp\u00e9cificit\u00e9s de la danse a\u00e9rienne\u00a0\u00bb <\/span><\/strong><\/span><\/span><br \/>\n<\/strong><\/span><\/span><\/span><\/span><\/strong><\/span><\/span><\/strong><\/span><\/span><\/p>\n<p><span style=\"font-size: 10pt; font-family: arial,helvetica,sans-serif; color: #0000ff;\"><strong><span style=\"font-size: 10pt; font-family: arial,helvetica,sans-serif;\"><strong>JUIN 2013<\/strong><\/span><\/strong><\/span><\/p>\n<p><span style=\"font-size: 10pt; font-family: arial,helvetica,sans-serif;\"><span style=\"color: #993300;\"><strong>Jeudi 27 juin \u00e0 l&rsquo;Espace Saint Charles Montpellier <\/strong> <span style=\"font-size: 10pt; font-family: arial,helvetica,sans-serif; color: #888888;\"><span style=\"color: #993300;\"><strong>(34) <span style=\"font-size: 10pt; font-family: arial,helvetica,sans-serif;\"><span style=\"color: #993300;\"><strong><span style=\"color: #0000ff;\">Master class \u00ab\u00a0Shakespeare without words\u00a0\u00bb<\/span><\/strong><\/span><\/span><\/strong><\/span><\/span><\/span><\/span><\/p>\n<p><span style=\"font-size: 10pt; font-family: arial,helvetica,sans-serif; color: #0000ff;\"><strong>MAI 2013<\/strong><\/span><\/p>\n<p><span style=\"font-size: 10pt; font-family: arial,helvetica,sans-serif;\"><span style=\"color: #993300;\"><strong>Mercredi 22 mai th\u00e9\u00e2tre La Vignette Montpellier <\/strong> <span style=\"font-size: 10pt; font-family: arial,helvetica,sans-serif; color: #888888;\"><span style=\"color: #993300;\"><strong>(34) <span style=\"color: #0000ff;\">\u00ab\u00a0<\/span><\/strong><span style=\"font-size: 10pt; font-family: arial,helvetica,sans-serif; color: #0000ff;\"><strong>E-Roman dit\u00a0\u00bbde Daniel Danis<\/strong><\/span><\/span><\/span><\/span><\/span><\/p>\n<p><span style=\"font-size: 10pt; font-family: arial,helvetica,sans-serif;\"><span style=\"color: #993300;\"><strong>Jeudi 23 mai au th\u00e9\u00e2tre La Vignette Montpellier <\/strong> <span style=\"font-size: 10pt; font-family: arial,helvetica,sans-serif; color: #888888;\"><span style=\"color: #993300;\"><strong>(34) \u00ab\u00a0<\/strong><span style=\"font-size: 10pt; font-family: arial,helvetica,sans-serif; color: #0000ff;\"><strong>E-Roman dit\u00a0\u00bbde Daniel Danis<\/strong> <\/span><\/span><\/span><\/span><\/span><\/p>\n<p><span style=\"font-size: 10pt; font-family: arial,helvetica,sans-serif;\"><span style=\"color: #0000ff;\"><strong>AVRIL 2013<\/strong> <\/span> <\/span><\/p>\n<p><span style=\"font-size: 10pt; font-family: arial,helvetica,sans-serif; color: #993300;\"><strong>Dimanches\u00a0 7, 14, 21 et 28 avril Espa\u00e7o Cultural Pinho de Riga <span style=\"font-size: 10pt; font-family: arial,helvetica,sans-serif; color: #993300;\"><strong>(Sao-Paulo, Brasil)<\/strong><\/span><\/strong> <\/span><\/p>\n<p><span style=\"font-size: 10pt; font-family: arial,helvetica,sans-serif; color: #0000ff;\"><strong>Colloque international sur l&rsquo;amour (co-\u00e9criture et mise en sc\u00e8ne pour Teatro da Travessia) <\/strong> <\/span><\/p>\n<p><a href=\"http:\/\/www.teatrodatravessia.blogspot.com.br\/\"><span style=\"font-size: 8pt; font-family: arial,helvetica,sans-serif;\">en savoir +<\/span> <\/a><\/p>\n<p><span style=\"font-size: 10pt; font-family: arial,helvetica,sans-serif;\"><span style=\"color: #0000ff;\"><strong><span style=\"color: #993300;\">Vendredi 5 avril avec Act&rsquo;Art Sc\u00e8nes rurales (77)<\/span><\/strong><\/span><\/span><span style=\"font-size: 10pt; font-family: arial,helvetica,sans-serif; color: #0000ff;\"><strong> Anatomie d&rsquo;un clown <\/strong> <\/span><\/p>\n<p><span style=\"font-size: 10pt; font-family: arial,helvetica,sans-serif;\"><span style=\"color: #0000ff;\"><strong><span style=\"color: #993300;\">Samedi 6 avril avec Act&rsquo;Art Sc\u00e8nes rurales (77)<\/span> <\/strong><\/span><\/span> <span style=\"font-size: 10pt; font-family: arial,helvetica,sans-serif; color: #0000ff;\"><strong>Anatomie d&rsquo;un clown<\/strong><\/span><\/p>\n<p><span style=\"font-size: 10pt; font-family: arial,helvetica,sans-serif;\"><span style=\"color: #0000ff;\"><strong><span style=\"color: #993300;\">Vendredi 26 avril La Villette Paris (75) <\/span><\/strong><span style=\"font-size: 10pt; font-family: arial,helvetica,sans-serif; color: #0000ff;\"><strong>Rencontres \u00ab\u00a0\u00c9crire le cirque\u00a0\u00bb Festival \u00ab\u00a0Haute tension\u00a0\u00bb<br \/>\n<\/strong><\/span><\/span><\/span><\/p>\n<p><span style=\"font-size: 10pt; font-family: arial,helvetica,sans-serif;\"><span style=\"color: #888888;\"><strong><span style=\"color: #0000ff;\"><span style=\"font-size: 10pt; font-family: arial,helvetica,sans-serif;\"><span style=\"color: #888888;\"><strong><span style=\"color: #0000ff;\">MARS 2013<\/span><\/strong><\/span><\/span><\/span><\/strong><\/span><\/span><\/p>\n<p><span style=\"font-size: 10pt; font-family: arial,helvetica,sans-serif;\"><span style=\"color: #993300;\"><strong>Samedi 2 mars <\/strong><strong>\u00e0 l&rsquo;Illustre Th\u00e9\u00e2tre P\u00e9zenas <\/strong> <span style=\"font-size: 10pt; font-family: arial,helvetica,sans-serif; color: #888888;\"><span style=\"color: #993300;\"><strong>(34)<\/strong> <span style=\"font-size: 10pt; font-family: arial,helvetica,sans-serif; color: #0000ff;\"><strong>Le barillet <\/strong> <\/span><\/span><\/span><\/span><\/span><\/p>\n<p><span style=\"font-size: 10pt; font-family: arial,helvetica,sans-serif;\"><span style=\"color: #888888;\"><strong><span style=\"color: #0000ff;\">F\u00c9VRIER 2013<\/span> <\/strong> <\/span> <\/span><\/p>\n<p><span style=\"font-size: 10pt; font-family: arial,helvetica,sans-serif;\"><span style=\"color: #993300;\"><strong>Jeudi 14 f\u00e9vrier au th\u00e9\u00e2tre La Vista Montpellier <\/strong> <\/span> <\/span> <span style=\"font-size: 10pt; font-family: arial,helvetica,sans-serif; color: #888888;\"><span style=\"color: #993300;\"><strong>(34) <\/strong> <\/span> <\/span> <span style=\"font-size: 10pt; font-family: arial,helvetica,sans-serif; color: #0000ff;\"><strong>Le barillet <\/strong> <\/span><\/p>\n<p><span style=\"font-size: 10pt; font-family: arial,helvetica,sans-serif;\"><span style=\"color: #993300;\"><strong>Vendredi 15 f\u00e9vrier au th\u00e9\u00e2tre La Vista Montpellier <\/strong> <\/span> <\/span> <span style=\"font-size: 10pt; font-family: arial,helvetica,sans-serif; color: #888888;\"><span style=\"color: #993300;\"><strong>(34) <\/strong> <\/span> <\/span> <span style=\"font-size: 10pt; font-family: arial,helvetica,sans-serif; color: #0000ff;\"><strong>Le barillet <\/strong> <\/span><\/p>\n<p><span style=\"font-size: 10pt; font-family: arial,helvetica,sans-serif;\"><span style=\"color: #993300;\"><strong>Samedi 16 f\u00e9vrier au th\u00e9\u00e2tre La Vista Montpellier <\/strong> <\/span> <\/span> <span style=\"font-size: 10pt; font-family: arial,helvetica,sans-serif; color: #888888;\"><span style=\"color: #993300;\"><strong>(34) <\/strong> <\/span> <\/span> <span style=\"font-size: 10pt; font-family: arial,helvetica,sans-serif; color: #0000ff;\"><strong>Le barillet <\/strong> <\/span><\/p>\n<p><span style=\"font-size: 10pt; font-family: arial,helvetica,sans-serif;\"><span style=\"color: #993300;\"><strong>Dimanche 17 f\u00e9vrier au th\u00e9\u00e2tre La Vista Montpellier <\/strong> <\/span> <\/span> <span style=\"font-size: 10pt; font-family: arial,helvetica,sans-serif; color: #888888;\"><span style=\"color: #993300;\"><strong>(34) <\/strong> <\/span> <\/span> <span style=\"font-size: 10pt; font-family: arial,helvetica,sans-serif; color: #0000ff;\"><strong>Le barillet<\/strong><\/span><\/p>\n<p><span style=\"font-size: 10pt; font-family: arial,helvetica,sans-serif;\"><span style=\"color: #993300;\"><strong>Samedi 23 f\u00e9vrier\u00a0<\/strong><strong>\u00e0 l&rsquo;Illustre Th\u00e9\u00e2tre P\u00e9zenas <\/strong> <span style=\"font-size: 10pt; font-family: arial,helvetica,sans-serif; color: #888888;\"><span style=\"color: #993300;\"><strong>(34)<\/strong> <span style=\"font-size: 10pt; font-family: arial,helvetica,sans-serif; color: #0000ff;\"><strong>Le barillet <\/strong> <\/span><\/span><\/span><\/span><\/span><\/p>\n<p><a href=\"http:\/\/theatrelavista.free.fr\/new\/index.php?option=com_content&amp;view=article&amp;id=222&amp;Itemid=26\"><span style=\"font-size: 8pt; font-family: arial,helvetica,sans-serif;\">en savoir +<\/span> <\/a><\/p>\n<p><span style=\"font-size: 10pt; font-family: arial,helvetica,sans-serif;\"><span style=\"color: #0000ff;\"><strong><span style=\"color: #993300;\"> <span style=\"font-size: 10pt; font-family: arial,helvetica,sans-serif;\"><span style=\"color: #0000ff;\"><strong>JANVIER 2013<\/strong><\/span><\/span><\/span><\/strong><\/span><\/span><\/p>\n<p><span style=\"font-size: 10pt; font-family: arial,helvetica,sans-serif;\"><span style=\"color: #0000ff;\"><strong><span style=\"color: #993300;\">Vendredi 25 janvier \u00e0 l&rsquo;\u00c9cole Normale Sup\u00e9rieure de Lyon (69)<\/span><\/strong><span style=\"font-size: 10pt; font-family: arial,helvetica,sans-serif; color: #993300;\"> <span style=\"font-size: 10pt; font-family: arial,helvetica,sans-serif; color: #0000ff;\"><strong>Extraits d&rsquo;Anatomie d&rsquo;un clown<\/strong><\/span><\/span><\/span><\/span><\/p>\n","protected":false},"excerpt":{"rendered":"<p>D\u00c9CEMBRE 2013 Centre National des Arts du Cirque \u00e0 Ch\u00e2lons en Champagne (51)\u00a0Master classes \u00a0\u00bb Processus cirque\u00a0\u00bb en savoir + NOVEMBRE 2013 Vendredi 15 novembre \u00e0 La Baignoire Montpellier (34) R\u00e9cits d&rsquo;un jeune m\u00e9decin Samedi 16 novembre \u00e0 La Baignoire &hellip; <a href=\"https:\/\/philippegoudard.net\/?page_id=2695\">Continuer la lecture <span class=\"meta-nav\">&rarr;<\/span><\/a><\/p>\n","protected":false},"author":2,"featured_media":0,"parent":402,"menu_order":0,"comment_status":"closed","ping_status":"open","template":"","meta":{"footnotes":""},"class_list":["post-2695","page","type-page","status-publish","hentry"],"_links":{"self":[{"href":"https:\/\/philippegoudard.net\/index.php?rest_route=\/wp\/v2\/pages\/2695","targetHints":{"allow":["GET"]}}],"collection":[{"href":"https:\/\/philippegoudard.net\/index.php?rest_route=\/wp\/v2\/pages"}],"about":[{"href":"https:\/\/philippegoudard.net\/index.php?rest_route=\/wp\/v2\/types\/page"}],"author":[{"embeddable":true,"href":"https:\/\/philippegoudard.net\/index.php?rest_route=\/wp\/v2\/users\/2"}],"replies":[{"embeddable":true,"href":"https:\/\/philippegoudard.net\/index.php?rest_route=%2Fwp%2Fv2%2Fcomments&post=2695"}],"version-history":[{"count":5,"href":"https:\/\/philippegoudard.net\/index.php?rest_route=\/wp\/v2\/pages\/2695\/revisions"}],"predecessor-version":[{"id":2815,"href":"https:\/\/philippegoudard.net\/index.php?rest_route=\/wp\/v2\/pages\/2695\/revisions\/2815"}],"up":[{"embeddable":true,"href":"https:\/\/philippegoudard.net\/index.php?rest_route=\/wp\/v2\/pages\/402"}],"wp:attachment":[{"href":"https:\/\/philippegoudard.net\/index.php?rest_route=%2Fwp%2Fv2%2Fmedia&parent=2695"}],"curies":[{"name":"wp","href":"https:\/\/api.w.org\/{rel}","templated":true}]}}