{"id":2642,"date":"2014-05-27T15:22:15","date_gmt":"2014-05-27T14:22:15","guid":{"rendered":"http:\/\/localhost\/wordpress\/?page_id=2642"},"modified":"2022-12-06T15:51:11","modified_gmt":"2022-12-06T14:51:11","slug":"accueil-3","status":"publish","type":"page","link":"https:\/\/philippegoudard.net\/","title":{"rendered":"Accueil"},"content":{"rendered":"<p style=\"text-align: left;\">Philippe Goudard est artiste et scientifique.<a href=\"http:\/\/philippegoudard.net\/wp-content\/uploads\/2014\/05\/MG1_5097-e1504963741636.jpg\"><img loading=\"lazy\" decoding=\"async\" class=\"  wp-image-3740 alignright\" src=\"http:\/\/philippegoudard.net\/wp-content\/uploads\/2014\/05\/MG1_5097-e1504963741636-200x300.jpg\" alt=\"MG1_5097\" width=\"202\" height=\"304\" srcset=\"https:\/\/philippegoudard.net\/wp-content\/uploads\/2014\/05\/MG1_5097-e1504963741636-200x300.jpg 200w, https:\/\/philippegoudard.net\/wp-content\/uploads\/2014\/05\/MG1_5097-e1504963741636-683x1024.jpg 683w\" sizes=\"auto, (max-width: 202px) 100vw, 202px\" \/><\/a><\/p>\n<p><a href=\"http:\/\/philippegoudard.net\/?page_id=32\">Artiste<\/a>, il est auteur, producteur et interpr\u00e8te d\u2019une quarantaine de spectacles de cirque depuis ses d\u00e9buts dans les ann\u00e9es 1970. Il est \u00e9galement acteur et metteur en sc\u00e8ne au th\u00e9\u00e2tre.<\/p>\n<p style=\"text-align: left;\"><a href=\"http:\/\/philippegoudard.net\/?page_id=82\">Scientifique, <\/a>il est professeur \u00e9m\u00e9rite des universit\u00e9s, docteur en m\u00e9decine et en arts du spectacle, chercheur, a fond\u00e9 et dirig\u00e9 le programme de recherche \u00ab\u00a0Cirque : histoires, imaginaires, pratiques\u00a0\u00bb, puis la collection \u00ab\u00a0Cirque\u00a0\u00bb aux Presses Universitaires de la M\u00e9diterran\u00e9e et co-dirige et la revue \u00ab\u00a0<a href=\"https:\/\/www.pulm.fr\/index.php\/numerique\/nos-revues-en-libre-acces\/circus-sciences.html\">Circus Sciences<\/a>\u00a0\u00bb et le \u00ab\u00a0Fonds Cirque\u00a0\u00bb de l\u2019Universit\u00e9 Paul-Val\u00e9ry Montpellier 3 en France.<\/p>\n<p style=\"text-align: left;\">Son parcours original de praticien et th\u00e9oricien du cirque, de la m\u00e9decine et du th\u00e9\u00e2tre fait de lui l\u2019une des personnalit\u00e9s les plus singuli\u00e8res de la recherche-cr\u00e9ation d&rsquo;aujourd&rsquo;hui.<\/p>\n<p style=\"text-align: left;\"><a href=\"http:\/\/philippegoudard.net\/wp-content\/uploads\/2014\/05\/FB-Gruss_007-007.jpg\"><img loading=\"lazy\" decoding=\"async\" class=\"alignnone size-medium wp-image-3983\" src=\"http:\/\/philippegoudard.net\/wp-content\/uploads\/2014\/05\/FB-Gruss_007-007-212x300.jpg\" alt=\"FB Gruss_007 007\" width=\"212\" height=\"300\" srcset=\"https:\/\/philippegoudard.net\/wp-content\/uploads\/2014\/05\/FB-Gruss_007-007-212x300.jpg 212w, https:\/\/philippegoudard.net\/wp-content\/uploads\/2014\/05\/FB-Gruss_007-007.jpg 567w\" sizes=\"auto, (max-width: 212px) 100vw, 212px\" \/><\/a><\/p>\n<p style=\"text-align: left;\">\u00ab\u00a0Philippe et H\u00e9l\u00e8ne\u00a0\u00bb, duo a\u00e9rien, Cirque \u00e0 l&rsquo;Ancienne Gruss, 1975, Ph Serge Fleury DR.<\/p>\n<p>&nbsp;<\/p>\n<p>&nbsp;<\/p>\n","protected":false},"excerpt":{"rendered":"<p>Philippe Goudard est artiste et scientifique. Artiste, il est auteur, producteur et interpr\u00e8te d\u2019une quarantaine de spectacles de cirque depuis ses d\u00e9buts dans les ann\u00e9es 1970. Il est \u00e9galement acteur et metteur en sc\u00e8ne au th\u00e9\u00e2tre. Scientifique, il est professeur &hellip; <a href=\"https:\/\/philippegoudard.net\/\">Continuer la lecture <span class=\"meta-nav\">&rarr;<\/span><\/a><\/p>\n","protected":false},"author":2,"featured_media":0,"parent":0,"menu_order":0,"comment_status":"closed","ping_status":"open","template":"","meta":{"footnotes":""},"class_list":["post-2642","page","type-page","status-publish","hentry"],"_links":{"self":[{"href":"https:\/\/philippegoudard.net\/index.php?rest_route=\/wp\/v2\/pages\/2642","targetHints":{"allow":["GET"]}}],"collection":[{"href":"https:\/\/philippegoudard.net\/index.php?rest_route=\/wp\/v2\/pages"}],"about":[{"href":"https:\/\/philippegoudard.net\/index.php?rest_route=\/wp\/v2\/types\/page"}],"author":[{"embeddable":true,"href":"https:\/\/philippegoudard.net\/index.php?rest_route=\/wp\/v2\/users\/2"}],"replies":[{"embeddable":true,"href":"https:\/\/philippegoudard.net\/index.php?rest_route=%2Fwp%2Fv2%2Fcomments&post=2642"}],"version-history":[{"count":67,"href":"https:\/\/philippegoudard.net\/index.php?rest_route=\/wp\/v2\/pages\/2642\/revisions"}],"predecessor-version":[{"id":4002,"href":"https:\/\/philippegoudard.net\/index.php?rest_route=\/wp\/v2\/pages\/2642\/revisions\/4002"}],"wp:attachment":[{"href":"https:\/\/philippegoudard.net\/index.php?rest_route=%2Fwp%2Fv2%2Fmedia&parent=2642"}],"curies":[{"name":"wp","href":"https:\/\/api.w.org\/{rel}","templated":true}]}}