{"id":2572,"date":"2014-05-27T15:18:51","date_gmt":"2014-05-27T14:18:51","guid":{"rendered":"http:\/\/localhost\/wordpress\/?page_id=2572"},"modified":"2021-01-29T21:47:56","modified_gmt":"2021-01-29T20:47:56","slug":"documents-en-ligne","status":"publish","type":"page","link":"https:\/\/philippegoudard.net\/?page_id=2572","title":{"rendered":"Documents en ligne"},"content":{"rendered":"<p><a href=\"https:\/\/youtu.be\/s8Gbh0dbau8\">Charl\u00e8ne Dray\u00a0 et ses chevaux <\/a>au th\u00e9\u00e2tre de Grasse (FR3 Nice 2019-02)<\/p>\n<p><a href=\"http:\/\/www.liberation.fr\/societe\/2014\/11\/10\/clowns-massacre-a-la-rotative_1140536\">Clown : massacre \u00e0 la Rotative<\/a> (Lib\u00e9ration 2014-11)<\/p>\n<p><a href=\"http:\/\/www.labaignoire.fr\/les-9-10-11-octobre\/#more-1260\">Du c\u00f4t\u00e9 de la vie Lain\u00e9, Boulgakov, Goudard<\/a> \u00a0(Cr\u00e9ation 2014-10)<\/p>\n<p><a href=\"http:\/\/www.journal-laterrasse.fr\/hors-serie\/il-faut-choyer-les-artistes-de-cirque\/\">Il faut choyer les artistes de cirque !<\/a> (La Terrasse 2014-10. Entretien par Catherine Robert)<\/p>\n<p><a href=\"http:\/\/fasab.udistrital.edu.co:8080\/leccion-inaugural-philippe-goudard\">Conf\u00e9rence \u00e0 Bogota-Colombie<\/a> (Universidad distrital, facultas de artes, Bogota 2014-08)<\/p>\n<p><a href=\"http:\/\/languedoc-roussillon.france3.fr\/2014\/03\/29\/la-double-vie-de-philippe-goudard-444535.html\">La double vie de Philipe Goudard<\/a> (FR3 : 2014-04)<\/p>\n<p><a href=\"https:\/\/www.google.com\/search?client=firefox-b-e&amp;q=assises+du+corps+tranform%C3%A9+goudard\">Les \u00e9tats du corps au cirque : une esth\u00e9tique du risque <\/a>(Colloque 2014-03)<\/p>\n<p><a href=\"http:\/\/philippegoudard.net\/wp-content\/uploads\/2014\/05\/E\u0302tre-auteure-de-cirque-en-2052_1.pdf\">\u00c9tre auteur de cirque en 2052<\/a> (SACD 2013-10)<\/p>\n<p><a href=\"http:\/\/rirra21.upv.univ-montp3.fr\/programmes\/histoire-archives-et-patrimoine\/cirque\/\">Programme de recherche : \u00ab\u00a0Cirque : histoire, imaginaires, pratiques\u00a0\u00bb<\/a> (Universit\u00e9 Montpellier 3 &#8211; depuis 2009)<\/p>\n<p><a href=\"http:\/\/www.cirqueon.cz\/en\/news\/interviews\/cirkus-ktery-se-nevyviji-neni-cirkusem-philippe-goudard\">Interview de Ph Goudard pour CIRQUEON a project for support and development of contemporary circus in the czech republic (par Katerina Vlckova)<\/a><\/p>\n<p><a href=\"http:\/\/www.sacd.fr\/Aurelie-Filippetti-recue-a-la-SACD.3198.0.html\">Les auteurs de la <strong>SACD<\/strong> re\u00e7oivent Aur\u00e9lie Filippetti , Ministre de la culture et de la communication d\u00e9cembre 2012<\/a><\/p>\n<p><a href=\"http:\/\/www.sacd.fr\/Le-Conseil-d-Administration-2012-2013.14.0.html\">Philippe Goudard \u00e9lu administrateur d\u00e9l\u00e9gu\u00e9 aux arts du cirque de la <strong>SACD<\/strong> Juin 2012<\/a><\/p>\n<p><a href=\"https:\/\/www.youtube.com\/watch?v=xhaYGBJii5c&amp;feature=youtu.be\">Philippe Goudard :<strong> \u00ab\u00a0Le clown est un myst\u00e8re\u00a0\u00bb\/ <\/strong> entretien \u00e0 partir d&rsquo;un entretien avec Dominique Tieri<strong>&#8211; 2012)<\/strong> <\/a><\/p>\n<p><a href=\"http:\/\/www.franceinter.fr\/player\/reecouter?play=391313\"><span class=\"st\">Philippe Goudard interview\u00e9 par <\/span> Gwena\u00eblle Abolivier<span class=\"st\"> dans <strong>Ouvert la nuit sur France Inter <\/strong> 27 juin 2012 (42:00 \u00e0 55:40)<\/span> <\/a><\/p>\n<p><a href=\"http:\/\/youtu.be\/o_w0a37AQA8\"><span class=\"st\">Philippe Goudard au jury du Festival mondial du cirque de demain, vu par <\/span> J\u00e9r\u00f4me Bony <span class=\"st\">dans <strong>Le feuilleton du 13 heures de France 2 <\/strong> (extraits) 00:06:03<\/span> <\/a><\/p>\n<p><a href=\"http:\/\/www.franceinter.fr\/player\/reecouter?play=273523\"><span class=\"st\">Philippe Goudard interview\u00e9 par <\/span> Gwena\u00eblle Abolivier<span class=\"st\"> dans Ouvert la nuit sur<strong> France Inter <\/strong> 30 janvier 2012 (01:08:00 \u00e0 01:11:00)<\/span> <\/a><\/p>\n<p><a href=\"http:\/\/www.dailymotion.com\/video\/xlhqhg\"><span class=\"st\">Philippe Goudard et <\/span> J\u00e9r\u00f4me Thomas\u00a0<span class=\"st\"> \u00e0 propos d&rsquo; Une semaine de cirque <\/span> <strong><span class=\"st\">pour la S.A.C.D.<\/span> <\/strong><\/a><\/p>\n<p>INTERVIEW de Philippe Goudard pour FR3 Nancy Lorraine d\u00e9cembre 2006<\/p>\n<p>INTERVIEW de Philippe Goudard pour FR3 Nancy Lorraine novembre 2006<\/p>\n<p>LE CIRQUE COMME UN ART entretien de Philippe Goudard<\/p>\n<p><strong>SPECTACLES (Extraits en ligne) <\/strong><\/p>\n<p><a href=\"https:\/\/youtu.be\/f9J02jrOvas\">Du c\u00f4t\u00e9 de la vie Lain\u00e9 Boulgakov Goudard<\/a> (Video 2015-10-20)<\/p>\n<p><a href=\"https:\/\/www.youtube.com\/watch?v=AqNwymiJPVQ&amp;feature=youtu.be\">Du c\u00f4t\u00e9 de la vie Lain\u00e9 Boulgakov Goudard <\/a>(Vid\u00e9o 2014-11-22)<\/p>\n<p><a href=\"http:\/\/www.youtube.com\/watch?v=5BpivczVVKU\"><span class=\"st\">ANATOMIE D&rsquo;UN CLOWN 2012 extraits (00:07:19)<\/span> <\/a><\/p>\n<p><a href=\"http:\/\/www.rueetcirque.fr\/app\/photopro.sk\/hlm\/detail?docid=210051&amp;rsid=2765&amp;pos=2&amp;psort=realdate:D&amp;pitemsperpage=20&amp;ppage=1&amp;pbase=*&amp;target=doclist#sessionhistory-ready\">ANATOMIE D&rsquo;UN CLOWN 2005 extraits (00:10:20)<\/a><\/p>\n<p><a href=\"http:\/\/www.rueetcirque.fr\/app\/photopro.sk\/hlm\/detail?docid=210052&amp;rsid=2765&amp;pos=3&amp;psort=realdate:D&amp;pitemsperpage=20&amp;ppage=1&amp;pbase=*&amp;target=doclist\">A<\/a><a href=\"http:\/\/www.rueetcirque.fr\/app\/photopro.sk\/hlm\/detail?docid=210052&amp;rsid=2765&amp;pos=3&amp;psort=realdate:D&amp;pitemsperpage=20&amp;ppage=1&amp;pbase=*&amp;target=doclist\">NATOMIE D&rsquo;UN CLOWN captation du spectacle 2005 (01:06:00)<\/a><\/p>\n<p><a href=\"http:\/\/www.rueetcirque.fr\/app\/photopro.sk\/hlm\/detail?docid=211966&amp;rsid=2765&amp;pos=6&amp;psort=realdate:D&amp;pitemsperpage=20&amp;ppage=1&amp;pbase=*&amp;target=doclist\">TRANSVERSAL VAGABOND documentaire sur la cr\u00e9ation \u00e0 Taipei (Taiwan) 2007 00:27:00<\/a><\/p>\n<p><a href=\"http:\/\/www.rueetcirque.fr\/app\/photopro.sk\/hlm\/detail?docid=211967&amp;rsid=2765&amp;pos=7&amp;psort=realdate:D&amp;pitemsperpage=20&amp;ppage=1&amp;pbase=*&amp;target=doclist\">TRANSVERSAL VAGABOND\u00a0 College of Performing Arts, Taipei, Taiwan, un spectacle de\u00a0 Philippe Goudard<\/a><\/p>\n<p><a href=\"http:\/\/www.cnac.tv\/cnactv-448-Empreinte_du_futur\">EMPREINTES\u00a0 au Centre National des Arts du Cirque mise en sc\u00e8ne Philippe Goudard<\/a><\/p>\n<p><a href=\"http:\/\/www.theatre-video.net\/video\/Dialoguer-interloquer\">Philippe Goudard dans DIALOGUER INTRELOQUER\u00a0 de Gao Xingjiang <\/a><\/p>\n<p><a href=\"http:\/\/www.rueetcirque.fr\/app\/photopro.sk\/hlm\/detail?docid=211687&amp;rsid=2765&amp;pos=1&amp;psort=realdate:D&amp;pitemsperpage=20&amp;ppage=1&amp;pbase=*&amp;target=doclist\">CLOWNERIES captation du spectacle 2010 01:36:00<\/a><\/p>\n<p><a href=\"http:\/\/www.rueetcirque.fr\/app\/photopro.sk\/hlm\/detail?docid=211738&amp;rsid=2765&amp;pos=8&amp;psort=realdate:D&amp;pitemsperpage=20&amp;ppage=1&amp;pbase=*&amp;target=doclist\">DES HAUTS ET DES BAS captation du spectacle 2010 00:45:00<\/a><\/p>\n<p>BALLADE NOCTURNE captation de la premi\u00e8re \u00e0 Milano (Italia) 2009 00:25:00<\/p>\n<p><a href=\"http:\/\/philippegoudard.net\/phgoud\/videos.php?video=gao\" target=\"_blank\"> BALLADE NOCTURE film inclus au spectacle 2009 00:25:00<\/a><\/p>\n<p><a href=\"http:\/\/philippegoudard.net\/wp-content\/uploads\/2014\/05\/echelle.mov\"> D\u00c9CROCHER LA LUNE improvisation film\u00e9e de Philippe Goudard pour Yves Gourmelon et Lydie Parisse, 2009, 00:03:00<\/a><\/p>\n<p>&nbsp;<\/p>\n","protected":false},"excerpt":{"rendered":"<p>Charl\u00e8ne Dray\u00a0 et ses chevaux au th\u00e9\u00e2tre de Grasse (FR3 Nice 2019-02) Clown : massacre \u00e0 la Rotative (Lib\u00e9ration 2014-11) Du c\u00f4t\u00e9 de la vie Lain\u00e9, Boulgakov, Goudard \u00a0(Cr\u00e9ation 2014-10) Il faut choyer les artistes de cirque ! (La Terrasse &hellip; <a href=\"https:\/\/philippegoudard.net\/?page_id=2572\">Continuer la lecture <span class=\"meta-nav\">&rarr;<\/span><\/a><\/p>\n","protected":false},"author":2,"featured_media":0,"parent":0,"menu_order":0,"comment_status":"closed","ping_status":"open","template":"","meta":{"footnotes":""},"class_list":["post-2572","page","type-page","status-publish","hentry"],"_links":{"self":[{"href":"https:\/\/philippegoudard.net\/index.php?rest_route=\/wp\/v2\/pages\/2572","targetHints":{"allow":["GET"]}}],"collection":[{"href":"https:\/\/philippegoudard.net\/index.php?rest_route=\/wp\/v2\/pages"}],"about":[{"href":"https:\/\/philippegoudard.net\/index.php?rest_route=\/wp\/v2\/types\/page"}],"author":[{"embeddable":true,"href":"https:\/\/philippegoudard.net\/index.php?rest_route=\/wp\/v2\/users\/2"}],"replies":[{"embeddable":true,"href":"https:\/\/philippegoudard.net\/index.php?rest_route=%2Fwp%2Fv2%2Fcomments&post=2572"}],"version-history":[{"count":30,"href":"https:\/\/philippegoudard.net\/index.php?rest_route=\/wp\/v2\/pages\/2572\/revisions"}],"predecessor-version":[{"id":3916,"href":"https:\/\/philippegoudard.net\/index.php?rest_route=\/wp\/v2\/pages\/2572\/revisions\/3916"}],"wp:attachment":[{"href":"https:\/\/philippegoudard.net\/index.php?rest_route=%2Fwp%2Fv2%2Fmedia&parent=2572"}],"curies":[{"name":"wp","href":"https:\/\/api.w.org\/{rel}","templated":true}]}}