{"id":2552,"date":"2014-05-27T15:18:23","date_gmt":"2014-05-27T14:18:23","guid":{"rendered":"http:\/\/localhost\/wordpress\/?page_id=2552"},"modified":"2015-01-18T15:27:40","modified_gmt":"2015-01-18T14:27:40","slug":"enseignement-artistique","status":"publish","type":"page","link":"https:\/\/philippegoudard.net\/?page_id=2552","title":{"rendered":"Master classes, ateliers"},"content":{"rendered":"<p>Philippe Goudard anime, \u00e0 la demande,\u00a0 master classes, stages et ateliers de pratique artistique en cirque et th\u00e9\u00e2tre destin\u00e9s aux artistes professionnels ou aux \u00e9tudiants, \u00e0 l&rsquo;universit\u00e9 ou en formation professionnelle :<br \/>\n&#8211; jeu burlesque et clownesque<br \/>\n&#8211; improvisation th\u00e9\u00e2trale<br \/>\n&#8211; cr\u00e9ation et dramaturgie de num\u00e9ro et spectacle de cirque<\/p>\n<p>&nbsp;<\/p>\n<h6><span style=\"text-decoration: underline;\">R\u00e9cents ateliers en France, Br\u00e9sil, Portugal, Guadeloupe, Guyanne&#8230;<\/span><\/h6>\n<h6>\u00ab\u00a0Theatre Workshop\u00a0: shakespeare without word\u00a0\u00bb , led by Philippe Goudard, in Congr\u00e8s europ\u00e9en Shakespeare \/ ESRA Congress : Shakespeare et le mythe \/Shakespeare and Myth, 26-28 juin, organis\u00e9 par IRCL, Universit\u00e9 Paul Val\u00e9ry Montpellier, vendredi 28 juin 2013<\/h6>\n<h6>\u00ab\u00a0Atelier de jeu burlesque\u00a0\u00bb pour professionnels de la sc\u00e8ne, Th\u00e9\u00e2tre de Macouria, Guyane fran\u00e7aise.<\/h6>\n<h6>\u00ab\u00a0O Burlesco: do cinema mudo aos clowns contempor\u00eanos, v\u00eddeos comentados\u00a0\u00bb, Ateliers et conf\u00e9rence, Edif\u00edcio dos Le\u00f5es \u2013 Departamento de Artes C\u00e9nicas, Escola de Artes, Universit\u00e9 d\u2019Evora, Portugal.<\/h6>\n<h6>\u00ab\u00a0Balagan\u00a0\u00bb, ateliers et conf\u00e9rence \u00ab\u00a0Jeu burlesque : histoire, composantes et pratiques \u00bb, anim\u00e9 par B\u00e9atrice Picon-Vallin et Philippe Goudard, ECUM, Centro internacional de formacao e pesquisa e martes cenicas, Belo Horizonte, Brasil.<\/h6>\n<h6>\u00ab\u00a0Approche de la composition burlesque\u00a0\u00bb Journ\u00e9es de Formations propos\u00e9es par la\u00a0 D\u00e9l\u00e9gation Acad\u00e9mique\u00a0 \u00e0 la Formation des personnels de l\u2019Education Nationale du Rectorat de Montpellier<\/h6>\n<h6>\u00ab\u00a0Jouer, improviser, composer \/\/ Jeu burlesque\u00a0\u00bb, La Ferme de Trielle 15800 Theizac, (France)<\/h6>\n<h6>\u00ab\u00a0Diriger l\u2019acteur devant la cam\u00e9ra\u00a0\u00bb, Interventions au lyc\u00e9e Louis Feuillade de Lunel en section L3 Cin\u00e9ma<\/h6>\n<h6>\u00ab\u00a0Danse voltige et jeu burlesque\u00a0\u00bb, anim\u00e9 par Olivier Farge et Philippe Goudard \u00e0 Pontempeyrat (France), Association Regards et Mouvements<\/h6>\n<h6>\u00ab\u00a0D\u00e9couvrir les bases du jeu burlesque et de la composition clownesque\u00a0\u00bb Journ\u00e9es de Formations propos\u00e9es par la\u00a0 D\u00e9l\u00e9gation Acad\u00e9mique\u00a0 \u00e0 la Formation des personnels de l\u2019Education Nationale du Rectorat de Montpellier<\/h6>\n<h6>\u00ab\u00a0D\u00e9couvrir les bases du jeu burlesque et de la composition clownesque\u00a0\u00bb \u00e0 l\u2019\u00c9cole de Cirque de Loisirs \u00ab\u00a0Z\u00e9p\u00e9tra\u00a0\u00bb \u00e0 Montpellier<\/h6>\n<p>&nbsp;<\/p>\n<p>&nbsp;<\/p>\n<p>&nbsp;<\/p>\n<p>&nbsp;<\/p>\n","protected":false},"excerpt":{"rendered":"<p>Philippe Goudard anime, \u00e0 la demande,\u00a0 master classes, stages et ateliers de pratique artistique en cirque et th\u00e9\u00e2tre destin\u00e9s aux artistes professionnels ou aux \u00e9tudiants, \u00e0 l&rsquo;universit\u00e9 ou en formation professionnelle : &#8211; jeu burlesque et clownesque &#8211; improvisation th\u00e9\u00e2trale &hellip; <a href=\"https:\/\/philippegoudard.net\/?page_id=2552\">Continuer la lecture <span class=\"meta-nav\">&rarr;<\/span><\/a><\/p>\n","protected":false},"author":2,"featured_media":0,"parent":222,"menu_order":0,"comment_status":"closed","ping_status":"open","template":"","meta":{"footnotes":""},"class_list":["post-2552","page","type-page","status-publish","hentry"],"_links":{"self":[{"href":"https:\/\/philippegoudard.net\/index.php?rest_route=\/wp\/v2\/pages\/2552","targetHints":{"allow":["GET"]}}],"collection":[{"href":"https:\/\/philippegoudard.net\/index.php?rest_route=\/wp\/v2\/pages"}],"about":[{"href":"https:\/\/philippegoudard.net\/index.php?rest_route=\/wp\/v2\/types\/page"}],"author":[{"embeddable":true,"href":"https:\/\/philippegoudard.net\/index.php?rest_route=\/wp\/v2\/users\/2"}],"replies":[{"embeddable":true,"href":"https:\/\/philippegoudard.net\/index.php?rest_route=%2Fwp%2Fv2%2Fcomments&post=2552"}],"version-history":[{"count":13,"href":"https:\/\/philippegoudard.net\/index.php?rest_route=\/wp\/v2\/pages\/2552\/revisions"}],"predecessor-version":[{"id":3031,"href":"https:\/\/philippegoudard.net\/index.php?rest_route=\/wp\/v2\/pages\/2552\/revisions\/3031"}],"up":[{"embeddable":true,"href":"https:\/\/philippegoudard.net\/index.php?rest_route=\/wp\/v2\/pages\/222"}],"wp:attachment":[{"href":"https:\/\/philippegoudard.net\/index.php?rest_route=%2Fwp%2Fv2%2Fmedia&parent=2552"}],"curies":[{"name":"wp","href":"https:\/\/api.w.org\/{rel}","templated":true}]}}