{"id":2532,"date":"2014-05-27T15:18:06","date_gmt":"2014-05-27T14:18:06","guid":{"rendered":"http:\/\/localhost\/wordpress\/?page_id=2532"},"modified":"2021-01-29T21:28:36","modified_gmt":"2021-01-29T20:28:36","slug":"universite","status":"publish","type":"page","link":"https:\/\/philippegoudard.net\/?page_id=2532","title":{"rendered":"Conf\u00e9rences"},"content":{"rendered":"<p><span style=\"color: #ff0000;\"><span style=\"color: #000000;\">Conf\u00e9rencier international, Philippe Goudard est invit\u00e9 \u00e0 pr\u00e9senter les r\u00e9sultats de son exp\u00e9rience et de ses recherches sur le cirque et le th\u00e9\u00e2tre dans de nombreux pays du monde<\/span><br \/>\n<\/span><\/p>\n<h4><a href=\"http:\/\/philippegoudard.net\/wp-content\/uploads\/2014\/05\/PhGoudard_Talks_Update102017.pdf\">Conf\u00e9rences, communications<\/a><\/h4>\n<h4><a href=\"https:\/\/www.assisesducorpstransforme.fr\/les-etats-du-corps-au-cirque-une-esthetique-du-risque\/\">Voir une conf\u00e9rence<\/a><\/h4>\n<p>&nbsp;<\/p>\n","protected":false},"excerpt":{"rendered":"<p>Conf\u00e9rencier international, Philippe Goudard est invit\u00e9 \u00e0 pr\u00e9senter les r\u00e9sultats de son exp\u00e9rience et de ses recherches sur le cirque et le th\u00e9\u00e2tre dans de nombreux pays du monde Conf\u00e9rences, communications Voir une conf\u00e9rence &nbsp;<\/p>\n","protected":false},"author":2,"featured_media":0,"parent":222,"menu_order":0,"comment_status":"closed","ping_status":"open","template":"","meta":{"footnotes":""},"class_list":["post-2532","page","type-page","status-publish","hentry"],"_links":{"self":[{"href":"https:\/\/philippegoudard.net\/index.php?rest_route=\/wp\/v2\/pages\/2532","targetHints":{"allow":["GET"]}}],"collection":[{"href":"https:\/\/philippegoudard.net\/index.php?rest_route=\/wp\/v2\/pages"}],"about":[{"href":"https:\/\/philippegoudard.net\/index.php?rest_route=\/wp\/v2\/types\/page"}],"author":[{"embeddable":true,"href":"https:\/\/philippegoudard.net\/index.php?rest_route=\/wp\/v2\/users\/2"}],"replies":[{"embeddable":true,"href":"https:\/\/philippegoudard.net\/index.php?rest_route=%2Fwp%2Fv2%2Fcomments&post=2532"}],"version-history":[{"count":34,"href":"https:\/\/philippegoudard.net\/index.php?rest_route=\/wp\/v2\/pages\/2532\/revisions"}],"predecessor-version":[{"id":3912,"href":"https:\/\/philippegoudard.net\/index.php?rest_route=\/wp\/v2\/pages\/2532\/revisions\/3912"}],"up":[{"embeddable":true,"href":"https:\/\/philippegoudard.net\/index.php?rest_route=\/wp\/v2\/pages\/222"}],"wp:attachment":[{"href":"https:\/\/philippegoudard.net\/index.php?rest_route=%2Fwp%2Fv2%2Fmedia&parent=2532"}],"curies":[{"name":"wp","href":"https:\/\/api.w.org\/{rel}","templated":true}]}}