{"id":2472,"date":"2014-05-27T15:16:08","date_gmt":"2014-05-27T14:16:08","guid":{"rendered":"http:\/\/localhost\/wordpress\/?page_id=2472"},"modified":"2025-11-25T07:36:25","modified_gmt":"2025-11-25T06:36:25","slug":"aeres","status":"publish","type":"page","link":"https:\/\/philippegoudard.net\/?page_id=2472","title":{"rendered":"Publications et travaux"},"content":{"rendered":"<p style=\"margin: .1pt 0cm .1pt 0cm;\"><a href=\"http:\/\/philippegoudard.net\/wp-content\/uploads\/2014\/05\/PhGoudard_Personal_Bibliography_Update102017.pdf\">Voir les publications<\/a><\/p>\n<p style=\"margin: .1pt 0cm .1pt 0cm;\">\n<p><a href=\"https:\/\/hal.science\/search\/index\/?q=philippe+goudard&amp;rows=30&amp;level0_domain_s=sdv+OR+shs&amp;docType_s=ART+OR+COMM+OR+COUV+OR+OUV+OR+REPORT+OR+TRAD+OR+VIDEO+OR+ISSUE+OR+BLOG+OR+OTHER\">IdHAL\u00a0:\u00a0philippe-goudard.<\/a><\/p>\n<p><a href=\"https:\/\/theses.fr\/073953458\">https:\/\/theses.fr\/073953458<\/a><\/p>\n<hr \/>\n<p style=\"margin: .1pt 0cm .1pt 0cm;\">Les domaines de recherches de Philippe Goudard sont centr\u00e9s sur le cirque qu&rsquo;il pratique et \u00e9tudie depuis 1974<\/p>\n<p style=\"margin: .1pt 0cm .1pt 0cm;\"><span style=\"text-decoration: underline;\"><span style=\"color: #000000; text-decoration: underline;\">Esth\u00e9tique et histoire du cirque<\/span><\/span><\/p>\n<p style=\"margin: .1pt 0cm .1pt 0cm;\">conna\u00eetre et comprendre l&rsquo;histoire, l&rsquo;esth\u00e9tique, les composantes et les \u00e9critures des arts du cirque, leurs origines et leur sens, leurs liens avec le risque.<\/p>\n<p style=\"margin: .1pt 0cm .1pt 0cm;\"><span style=\"text-decoration: underline; color: #000000;\"><span style=\"text-decoration: underline;\">Le clown et le burlesque\u00a0<\/span><\/span><\/p>\n<p style=\"margin: .1pt 0cm .1pt 0cm;\">histoire, formes, pratiques et esth\u00e9tiques actuelles du clown et du burlesque.<\/p>\n<p style=\"margin: .1pt 0cm .1pt 0cm;\"><span style=\"text-decoration: underline;\"><span style=\"color: #000000; text-decoration: underline;\">\u2028M\u00e9decine du cirque<\/span><\/span><\/p>\n<p style=\"margin: .1pt 0cm .1pt 0cm;\">identifier, traiter et pr\u00e9venir les risques et probl\u00e8mes sanitaires et sociaux des artistes de cirque.<\/p>\n<p style=\"margin: .1pt 0cm .1pt 0cm;\"><span style=\"text-decoration: underline;\"><span style=\"color: #000000; text-decoration: underline;\">Arts et sciences<br \/>\n<\/span><\/span><\/p>\n<p style=\"margin: .1pt 0cm .1pt 0cm;\">explorer les relations entre arts du spectacle vivant et sciences, notamment sciences et techniques cognitives<\/p>\n","protected":false},"excerpt":{"rendered":"<p>Voir les publications IdHAL\u00a0:\u00a0philippe-goudard. https:\/\/theses.fr\/073953458 Les domaines de recherches de Philippe Goudard sont centr\u00e9s sur le cirque qu&rsquo;il pratique et \u00e9tudie depuis 1974 Esth\u00e9tique et histoire du cirque conna\u00eetre et comprendre l&rsquo;histoire, l&rsquo;esth\u00e9tique, les composantes et les \u00e9critures des arts &hellip; <a href=\"https:\/\/philippegoudard.net\/?page_id=2472\">Continuer la lecture <span class=\"meta-nav\">&rarr;<\/span><\/a><\/p>\n","protected":false},"author":2,"featured_media":0,"parent":82,"menu_order":0,"comment_status":"closed","ping_status":"open","template":"","meta":{"footnotes":""},"class_list":["post-2472","page","type-page","status-publish","hentry"],"_links":{"self":[{"href":"https:\/\/philippegoudard.net\/index.php?rest_route=\/wp\/v2\/pages\/2472","targetHints":{"allow":["GET"]}}],"collection":[{"href":"https:\/\/philippegoudard.net\/index.php?rest_route=\/wp\/v2\/pages"}],"about":[{"href":"https:\/\/philippegoudard.net\/index.php?rest_route=\/wp\/v2\/types\/page"}],"author":[{"embeddable":true,"href":"https:\/\/philippegoudard.net\/index.php?rest_route=\/wp\/v2\/users\/2"}],"replies":[{"embeddable":true,"href":"https:\/\/philippegoudard.net\/index.php?rest_route=%2Fwp%2Fv2%2Fcomments&post=2472"}],"version-history":[{"count":38,"href":"https:\/\/philippegoudard.net\/index.php?rest_route=\/wp\/v2\/pages\/2472\/revisions"}],"predecessor-version":[{"id":4085,"href":"https:\/\/philippegoudard.net\/index.php?rest_route=\/wp\/v2\/pages\/2472\/revisions\/4085"}],"up":[{"embeddable":true,"href":"https:\/\/philippegoudard.net\/index.php?rest_route=\/wp\/v2\/pages\/82"}],"wp:attachment":[{"href":"https:\/\/philippegoudard.net\/index.php?rest_route=%2Fwp%2Fv2%2Fmedia&parent=2472"}],"curies":[{"name":"wp","href":"https:\/\/api.w.org\/{rel}","templated":true}]}}