{"id":2452,"date":"2014-05-27T15:15:54","date_gmt":"2014-05-27T14:15:54","guid":{"rendered":"http:\/\/localhost\/wordpress\/?page_id=2452"},"modified":"2022-12-06T15:40:57","modified_gmt":"2022-12-06T14:40:57","slug":"toutes-les-publications","status":"publish","type":"page","link":"https:\/\/philippegoudard.net\/?page_id=2452","title":{"rendered":"Cirque : histoire, imaginaires, pratiques"},"content":{"rendered":"<div class=\"entry-content\">\n<p>Philippe Goudard a cr\u00e9\u00e9 et dirig\u00e9 les programmes de recherche \u00ab\u00a0Cirque : histoire, imaginaires, pratiques\u00a0\u00bb et \u00ab\u00a0Circus Arts &amp; Sciences\u00a0\u00bb de 2010 \u00e0 2021, au sein du laboratoire de recherches pluridisciplinaires RIRRA21 (EA 4209) de l&rsquo;Universit\u00e9 Paul Val\u00e9ry Montpellier 3 (France)<\/p>\n<\/div>\n<p><a href=\"https:\/\/rirra21.www.univ-montp3.fr\/fr\/axes-de-recherche\/histoire-archives-et-patrimoine\/cirque-histoire-imaginaires\">Programme d\u00e9taill\u00e9<\/a><\/p>\n<p>&nbsp;<\/p>\n<p>&nbsp;<\/p>\n<p>&nbsp;<\/p>\n<p>&nbsp;<\/p>\n","protected":false},"excerpt":{"rendered":"<p>Philippe Goudard a cr\u00e9\u00e9 et dirig\u00e9 les programmes de recherche \u00ab\u00a0Cirque : histoire, imaginaires, pratiques\u00a0\u00bb et \u00ab\u00a0Circus Arts &amp; Sciences\u00a0\u00bb de 2010 \u00e0 2021, au sein du laboratoire de recherches pluridisciplinaires RIRRA21 (EA 4209) de l&rsquo;Universit\u00e9 Paul Val\u00e9ry Montpellier 3 &hellip; <a href=\"https:\/\/philippegoudard.net\/?page_id=2452\">Continuer la lecture <span class=\"meta-nav\">&rarr;<\/span><\/a><\/p>\n","protected":false},"author":2,"featured_media":0,"parent":82,"menu_order":0,"comment_status":"closed","ping_status":"open","template":"","meta":{"footnotes":""},"class_list":["post-2452","page","type-page","status-publish","hentry"],"_links":{"self":[{"href":"https:\/\/philippegoudard.net\/index.php?rest_route=\/wp\/v2\/pages\/2452","targetHints":{"allow":["GET"]}}],"collection":[{"href":"https:\/\/philippegoudard.net\/index.php?rest_route=\/wp\/v2\/pages"}],"about":[{"href":"https:\/\/philippegoudard.net\/index.php?rest_route=\/wp\/v2\/types\/page"}],"author":[{"embeddable":true,"href":"https:\/\/philippegoudard.net\/index.php?rest_route=\/wp\/v2\/users\/2"}],"replies":[{"embeddable":true,"href":"https:\/\/philippegoudard.net\/index.php?rest_route=%2Fwp%2Fv2%2Fcomments&post=2452"}],"version-history":[{"count":17,"href":"https:\/\/philippegoudard.net\/index.php?rest_route=\/wp\/v2\/pages\/2452\/revisions"}],"predecessor-version":[{"id":3998,"href":"https:\/\/philippegoudard.net\/index.php?rest_route=\/wp\/v2\/pages\/2452\/revisions\/3998"}],"up":[{"embeddable":true,"href":"https:\/\/philippegoudard.net\/index.php?rest_route=\/wp\/v2\/pages\/82"}],"wp:attachment":[{"href":"https:\/\/philippegoudard.net\/index.php?rest_route=%2Fwp%2Fv2%2Fmedia&parent=2452"}],"curies":[{"name":"wp","href":"https:\/\/api.w.org\/{rel}","templated":true}]}}