{"id":22,"date":"2008-09-28T14:27:53","date_gmt":"2008-09-28T13:27:53","guid":{"rendered":"http:\/\/philippegoudard.net\/?p=22"},"modified":"2022-12-06T16:40:35","modified_gmt":"2022-12-06T15:40:35","slug":"biographie","status":"publish","type":"page","link":"https:\/\/philippegoudard.net\/?page_id=22","title":{"rendered":"Parcours"},"content":{"rendered":"<p>De formation sportive (escrime), th\u00e9\u00e2trale (stages et assistanat de r\u00e9alisation ) et m\u00e9dicale (physiologie du sport et m\u00e9decine d&rsquo;urgence), Philippe Goudard devient \u00e0 22 ans artiste de haut niveau (acrobate puis clown) puis auteur et entrepreneur de cirque.<br \/>\n<!--more Le texte qui sera affich\u00e9--><br \/>\nProducteur ind\u00e9pendant puis co-directeur de la Compagnie de cirque \u00ab\u00a0d\u2019Art et d\u2019Essai \u00a9 \u00bb Maripaule B. et Philippe Goudard, labellis\u00e9e par le minist\u00e8re fran\u00e7ais de la culture , il a cr\u00e9\u00e9, produit et interpr\u00e9t\u00e9 une quarantaine d\u2019\u0153uvres originales de cirque contemporain dont \u00ab\u00a0Motusse et Paillasse &#8211; Clowns\u00a0\u00bb, \u00ab\u00a0Le cirque int\u00e9rieur \u00a9\u00a0\u00bb et \u00ab\u00a0Le cirque Nu \u00a9\u00a0\u00bb, diffus\u00e9es dans plus de trente pays depuis 1974.<br \/>\nChercheur et auteur ind\u00e9pendant d\u00e8s le d\u00e9but de sa carri\u00e8re artistique (<em>Pour en finir avec les id\u00e9es sur le cirque, Pour un cirque d&rsquo;art et d&rsquo;essai, Le cirque ailleurs<\/em>), il int\u00e8gre ensuite\u00a0 l\u2019universit\u00e9 pour des recherches acad\u00e9miques, d\u2019abord en physiologie des activit\u00e9s physiques et sportives et un doctorat en m\u00e9decine sur l\u2019apport m\u00e9dical \u00e0 la sant\u00e9 des artistes de cirque (<em>Bilan et perspectives de l&rsquo;apport m\u00e9dical dans l&rsquo;apprentissage et la pratique des arts du cirque en France<\/em>, Nancy, France, 1989), ensuite avec un doctorat en arts du spectacle sur l\u2019esth\u00e9tique du risque au cirque (<em>Arts du cirque, arts du risque: instabilit\u00e9 et d\u00e9s\u00e9quilibre dans et hors la piste<\/em>, Montpellier, France, 2005).<br \/>\nIl est aussi producteur, acteur et metteur en sc\u00e8ne au th\u00e9\u00e2tre, et administrateur d\u00e9l\u00e9gu\u00e9 aux arts du cirque de la SACD \u00e0 Paris (2001-2006, 2012-2015).<\/p>\n<p>Clown, auteur et professeur \u00e9m\u00e9rite des universit\u00e9s, sp\u00e9cialiste internationalement reconnu des arts du cirque, redevenu producteur ind\u00e9pendant, il partage aujourd&rsquo;hui son activit\u00e9 entre cr\u00e9ations et interpr\u00e9tations de spectacles, recherches, publications, enseignement et formation, master classes, tourn\u00e9es de spectacles et conf\u00e9rences, pour lesquelles il est sollicit\u00e9 en France et dans de nombreux pays du monde.<\/p>\n<p><a href=\"http:\/\/philippegoudard.net\/wp-content\/uploads\/2008\/09\/cv_cv_court_ph_goudard3.pdf\">Curriculum court<\/a><br \/>\n<a href=\"http:\/\/philippegoudard.net\/wp-content\/uploads\/2008\/09\/cv_cv_resume_ph_goudard.pdf\">Curriculum r\u00e9sum\u00e9<\/a><br \/>\n<a href=\"http:\/\/philippegoudard.net\/wp-content\/uploads\/2008\/09\/cv_cv_complet_ph_goudard.pdf\">Curriculum complet<\/a><br \/>\n<a href=\"http:\/\/philippegoudard.net\/wp-content\/uploads\/2014\/05\/IMG_2559.jpg\"><img loading=\"lazy\" decoding=\"async\" class=\"alignnone  wp-image-2770\" src=\"http:\/\/philippegoudard.net\/wp-content\/uploads\/2014\/05\/IMG_2559-300x225.jpg\" alt=\"IMG_2559\" width=\"70\" height=\"52\" srcset=\"https:\/\/philippegoudard.net\/wp-content\/uploads\/2014\/05\/IMG_2559-300x225.jpg 300w, https:\/\/philippegoudard.net\/wp-content\/uploads\/2014\/05\/IMG_2559.jpg 640w\" sizes=\"auto, (max-width: 70px) 100vw, 70px\" \/><\/a><a href=\"http:\/\/philippegoudard.net\/wp-content\/uploads\/2014\/05\/IMG_2559.jpg\">Photographie libre de droit<\/a><br \/>\n<a href=\"http:\/\/philippegoudard.net\/wp-content\/uploads\/2014\/04\/pg_by_jo.jpg\"><img loading=\"lazy\" decoding=\"async\" class=\"alignnone  wp-image-672\" src=\"http:\/\/philippegoudard.net\/wp-content\/uploads\/2014\/04\/pg_by_jo-300x200.jpg\" alt=\"pg_by_jo\" width=\"70\" height=\"46\" \/><\/a><a href=\"http:\/\/philippegoudard.net\/wp-content\/uploads\/2014\/04\/pg_by_jo.jpg\">Photographie libre de droit<\/a><\/p>\n<p><a href=\"http:\/\/philippegoudard.net\/wp-content\/uploads\/2014\/05\/MG1_5097-e1504963741636.jpg\"><img loading=\"lazy\" decoding=\"async\" class=\"alignnone  wp-image-3740\" src=\"http:\/\/philippegoudard.net\/wp-content\/uploads\/2014\/05\/MG1_5097-e1504963741636-200x300.jpg\" alt=\"MG1_5097\" width=\"87\" height=\"131\" srcset=\"https:\/\/philippegoudard.net\/wp-content\/uploads\/2014\/05\/MG1_5097-e1504963741636-200x300.jpg 200w, https:\/\/philippegoudard.net\/wp-content\/uploads\/2014\/05\/MG1_5097-e1504963741636-683x1024.jpg 683w\" sizes=\"auto, (max-width: 87px) 100vw, 87px\" \/>Photographie Marc Ginot<\/a><\/p>\n<p><a href=\"http:\/\/philippegoudard.net\/wp-content\/uploads\/2014\/05\/MG1_5144-e1504963693783.jpg\"><img loading=\"lazy\" decoding=\"async\" class=\"alignnone  wp-image-3738\" src=\"http:\/\/philippegoudard.net\/wp-content\/uploads\/2014\/05\/MG1_5144-e1504963693783-200x300.jpg\" alt=\"MG1_5144\" width=\"95\" height=\"143\" srcset=\"https:\/\/philippegoudard.net\/wp-content\/uploads\/2014\/05\/MG1_5144-e1504963693783-200x300.jpg 200w, https:\/\/philippegoudard.net\/wp-content\/uploads\/2014\/05\/MG1_5144-e1504963693783-683x1024.jpg 683w\" sizes=\"auto, (max-width: 95px) 100vw, 95px\" \/>Photographie Marc Ginot<\/a><\/p>\n<p><span class=\"edit-link\"><a class=\"post-edit-link\" href=\"http:\/\/philippegoudard.net\/wp-admin\/post.php?post=22&amp;action=edit\">Modifier<\/a><\/span><\/p>\n","protected":false},"excerpt":{"rendered":"<p>De formation sportive (escrime), th\u00e9\u00e2trale (stages et assistanat de r\u00e9alisation ) et m\u00e9dicale (physiologie du sport et m\u00e9decine d&rsquo;urgence), Philippe Goudard devient \u00e0 22 ans artiste de haut niveau (acrobate puis clown) puis auteur et entrepreneur de cirque.<\/p>\n","protected":false},"author":2,"featured_media":0,"parent":0,"menu_order":1,"comment_status":"closed","ping_status":"open","template":"","meta":{"footnotes":""},"class_list":["post-22","page","type-page","status-publish","hentry"],"_links":{"self":[{"href":"https:\/\/philippegoudard.net\/index.php?rest_route=\/wp\/v2\/pages\/22","targetHints":{"allow":["GET"]}}],"collection":[{"href":"https:\/\/philippegoudard.net\/index.php?rest_route=\/wp\/v2\/pages"}],"about":[{"href":"https:\/\/philippegoudard.net\/index.php?rest_route=\/wp\/v2\/types\/page"}],"author":[{"embeddable":true,"href":"https:\/\/philippegoudard.net\/index.php?rest_route=\/wp\/v2\/users\/2"}],"replies":[{"embeddable":true,"href":"https:\/\/philippegoudard.net\/index.php?rest_route=%2Fwp%2Fv2%2Fcomments&post=22"}],"version-history":[{"count":39,"href":"https:\/\/philippegoudard.net\/index.php?rest_route=\/wp\/v2\/pages\/22\/revisions"}],"predecessor-version":[{"id":3995,"href":"https:\/\/philippegoudard.net\/index.php?rest_route=\/wp\/v2\/pages\/22\/revisions\/3995"}],"wp:attachment":[{"href":"https:\/\/philippegoudard.net\/index.php?rest_route=%2Fwp%2Fv2%2Fmedia&parent=22"}],"curies":[{"name":"wp","href":"https:\/\/api.w.org\/{rel}","templated":true}]}}